{"id":169,"date":"2025-04-21T23:08:43","date_gmt":"2025-04-21T23:08:43","guid":{"rendered":"https:\/\/labyrinthe-maison-bleue.fr\/qui-nous-sommes\/"},"modified":"2025-05-11T14:35:55","modified_gmt":"2025-05-11T14:35:55","slug":"qui-nous-sommes","status":"publish","type":"page","link":"https:\/\/labyrinthe-maison-bleue.fr\/fr\/qui-nous-sommes\/","title":{"rendered":"Qui nous sommes"},"content":{"rendered":"<p>[et_pb_section fb_built=\u00a0\u00bb1&Prime; _builder_version=\u00a0\u00bb4.22.2&Prime; locked=\u00a0\u00bboff\u00a0\u00bb global_colors_info=\u00a0\u00bb{}\u00a0\u00bb][et_pb_row _builder_version=\u00a0\u00bb4.22.2&Prime; background_size=\u00a0\u00bbinitial\u00a0\u00bb background_position=\u00a0\u00bbtop_left\u00a0\u00bb background_repeat=\u00a0\u00bbrepeat\u00a0\u00bb width_tablet=\u00a0\u00bb70%\u00a0\u00bb width_phone=\u00a0\u00bb80%\u00a0\u00bb width_last_edited=\u00a0\u00bbon|phone\u00a0\u00bb max_width=\u00a0\u00bb600px\u00a0\u00bb custom_margin=\u00a0\u00bb||||false|false\u00a0\u00bb global_colors_info=\u00a0\u00bb{}\u00a0\u00bb][et_pb_column type=\u00a0\u00bb4_4&Prime; _builder_version=\u00a0\u00bb4.16&Prime; custom_padding=\u00a0\u00bb|||\u00a0\u00bb global_colors_info=\u00a0\u00bb{}\u00a0\u00bb custom_padding__hover=\u00a0\u00bb|||\u00a0\u00bb][et_pb_image src=\u00a0\u00bbhttps:\/\/labyrinthe-maison-bleue.fr\/wp-content\/uploads\/MP_24.jpg\u00a0\u00bb alt=\u00a0\u00bblmb Logo\u00a0\u00bb title_text=\u00a0\u00bbMP_24&Prime; _builder_version=\u00a0\u00bb4.22.2&Prime; _module_preset=\u00a0\u00bbdefault\u00a0\u00bb max_width=\u00a0\u00bb400px\u00a0\u00bb module_alignment=\u00a0\u00bbcenter\u00a0\u00bb custom_margin=\u00a0\u00bb30px||30px||false|false\u00a0\u00bb hover_enabled=\u00a0\u00bb0&Prime; global_colors_info=\u00a0\u00bb{}\u00a0\u00bb sticky_enabled=\u00a0\u00bb0&Prime;][\/et_pb_image][et_pb_text _builder_version=\u00a0\u00bb4.22.2&Prime; header_text_align=\u00a0\u00bbcenter\u00a0\u00bb header_line_height=\u00a0\u00bb1.7em\u00a0\u00bb header_2_text_align=\u00a0\u00bbcenter\u00a0\u00bb background_size=\u00a0\u00bbinitial\u00a0\u00bb background_position=\u00a0\u00bbtop_left\u00a0\u00bb background_repeat=\u00a0\u00bbrepeat\u00a0\u00bb custom_margin=\u00a0\u00bb||60px||false|false\u00a0\u00bb global_colors_info=\u00a0\u00bb{}\u00a0\u00bb]<\/p>\n<h1>Qui nous sommes<\/h1>\n<p><strong>Miriam et Peder<\/strong> vivent ensemble \u00e0 Berlin depuis 20 ans et ont deux enfants adultes.<\/p>\n<p><strong>Peder :<\/strong> L&rsquo;id\u00e9e du labyrinthe est la mienne. J\u2019ai \u00e9tudi\u00e9 la peinture libre et j\u2019ai travaill\u00e9 pendant plusieurs ann\u00e9es en tant qu\u2019<a href=\"https:\/\/tunguska-index.net\">artiste<\/a> ind\u00e9pendant. Aujourd\u2019hui, je suis bien \u00e9tabli en tant que <a href=\"https:\/\/bludot.berlin\">graphiste<\/a> et consultant en communication ind\u00e9pendant. Je travaille beaucoup sur ordinateur et de plus en plus \u00e0 distance. \u00c0 l&rsquo;approche de ma retraite, je souhaite travailler davantage avec mes mains et adopter une nouvelle impulsion artistique. Je poss\u00e8de des comp\u00e9tences manuelles, je parle suffisamment le fran\u00e7ais et beaucoup l&rsquo;anglais dans le cadre professionnel.     <\/p>\n<p><strong>Miriam :<\/strong> Je suis entrepreneure et directrice g\u00e9n\u00e9rale d\u2019une agence de <a href=\"https:\/\/start-placement.com\">recrutement<\/a> et de <a href=\"https:\/\/start-relocation.com\">relocalisation<\/a> sp\u00e9cialis\u00e9e dans les professions de sant\u00e9. Je parle couramment le fran\u00e7ais et j&rsquo;aime interagir avec les gens et mettre les personnes en contact. J\u2019appr\u00e9cie recevoir des groupes conviviaux, j\u2019aime la cuisine saine et le savoir-vivre fran\u00e7ais. En plus d&rsquo;une ambiance accueillante, il est important pour moi que nous ayons une piscine ou un lieu de baignade \u00e0 proximit\u00e9.   <\/p>\n<p>&nbsp;<\/p>\n<p><!-- \/divi:paragraph --><\/p>\n<p>[\/et_pb_text][et_pb_image src=\u00a0\u00bbhttps:\/\/labyrinthe-maison-bleue.fr\/wp-content\/uploads\/Soir_7120.jpg\u00a0\u00bb alt=\u00a0\u00bblmb Logo\u00a0\u00bb title_text=\u00a0\u00bbSoir_7120&Prime; _builder_version=\u00a0\u00bb4.22.2&Prime; _module_preset=\u00a0\u00bbdefault\u00a0\u00bb max_width=\u00a0\u00bb300px\u00a0\u00bb module_alignment=\u00a0\u00bbcenter\u00a0\u00bb custom_margin=\u00a0\u00bb30px||30px||false|false\u00a0\u00bb global_colors_info=\u00a0\u00bb{}\u00a0\u00bb][\/et_pb_image][et_pb_text _builder_version=\u00a0\u00bb4.22.2&Prime; header_text_align=\u00a0\u00bbcenter\u00a0\u00bb header_line_height=\u00a0\u00bb1.7em\u00a0\u00bb header_2_text_align=\u00a0\u00bbcenter\u00a0\u00bb background_size=\u00a0\u00bbinitial\u00a0\u00bb background_position=\u00a0\u00bbtop_left\u00a0\u00bb background_repeat=\u00a0\u00bbrepeat\u00a0\u00bb custom_margin=\u00a0\u00bb||8px||false|false\u00a0\u00bb global_colors_info=\u00a0\u00bb{}\u00a0\u00bb]<\/p>\n<h1>Ensemble<\/h1>\n<p>Il est important pour nous que l\u2019endroit que nous cr\u00e9ons soit vivant. Cela implique d\u2019h\u00e9berger des amis s\u00e9lectionn\u00e9s et d\u2019occuper la maison en alternance. Il ne s\u2019agit pas de louer une maison de vacances, mais plut\u00f4t d&rsquo;un arrangement engageant o\u00f9 chaque partie assume des responsabilit\u00e9s. Notre id\u00e9al serait un rythme fixe tout au long de l&rsquo;ann\u00e9e. Nous-m\u00eames souhaitons \u00eatre pr\u00e9sents au moins la moiti\u00e9 de l\u2019ann\u00e9e.    <\/p>\n<p><!-- \/divi:paragraph --><\/p>\n<p>[\/et_pb_text][\/et_pb_column][\/et_pb_row][\/et_pb_section]<\/p>\n","protected":false},"excerpt":{"rendered":"<p>Qui nous sommes Miriam et Peder vivent ensemble \u00e0 Berlin depuis 20 ans et ont deux enfants adultes. Peder : L&rsquo;id\u00e9e du labyrinthe est la mienne. J\u2019ai \u00e9tudi\u00e9 la peinture libre et j\u2019ai travaill\u00e9 pendant plusieurs ann\u00e9es en tant qu\u2019artiste ind\u00e9pendant. Aujourd\u2019hui, je suis bien \u00e9tabli en tant que graphiste et consultant en communication ind\u00e9pendant. [&hellip;]<\/p>\n","protected":false},"author":1,"featured_media":0,"parent":0,"menu_order":40,"comment_status":"closed","ping_status":"closed","template":"","meta":{"_et_pb_use_builder":"on","_et_pb_old_content":"","_et_gb_content_width":"","inline_featured_image":false,"footnotes":""},"class_list":["post-169","page","type-page","status-publish","hentry"],"_links":{"self":[{"href":"https:\/\/labyrinthe-maison-bleue.fr\/fr\/wp-json\/wp\/v2\/pages\/169","targetHints":{"allow":["GET"]}}],"collection":[{"href":"https:\/\/labyrinthe-maison-bleue.fr\/fr\/wp-json\/wp\/v2\/pages"}],"about":[{"href":"https:\/\/labyrinthe-maison-bleue.fr\/fr\/wp-json\/wp\/v2\/types\/page"}],"author":[{"embeddable":true,"href":"https:\/\/labyrinthe-maison-bleue.fr\/fr\/wp-json\/wp\/v2\/users\/1"}],"replies":[{"embeddable":true,"href":"https:\/\/labyrinthe-maison-bleue.fr\/fr\/wp-json\/wp\/v2\/comments?post=169"}],"version-history":[{"count":8,"href":"https:\/\/labyrinthe-maison-bleue.fr\/fr\/wp-json\/wp\/v2\/pages\/169\/revisions"}],"predecessor-version":[{"id":514,"href":"https:\/\/labyrinthe-maison-bleue.fr\/fr\/wp-json\/wp\/v2\/pages\/169\/revisions\/514"}],"wp:attachment":[{"href":"https:\/\/labyrinthe-maison-bleue.fr\/fr\/wp-json\/wp\/v2\/media?parent=169"}],"curies":[{"name":"wp","href":"https:\/\/api.w.org\/{rel}","templated":true}]}}