{"id":168,"date":"2025-04-21T23:07:57","date_gmt":"2025-04-21T23:07:57","guid":{"rendered":"https:\/\/labyrinthe-maison-bleue.fr\/recherche-dun-lieu\/"},"modified":"2025-05-04T15:24:45","modified_gmt":"2025-05-04T15:24:45","slug":"recherche-dun-lieu","status":"publish","type":"page","link":"https:\/\/labyrinthe-maison-bleue.fr\/fr\/recherche-dun-lieu\/","title":{"rendered":"Recherche d&rsquo;un lieu"},"content":{"rendered":"<p>[et_pb_section fb_built=\u00a0\u00bb1&Prime; _builder_version=\u00a0\u00bb4.22.2&Prime; locked=\u00a0\u00bboff\u00a0\u00bb global_colors_info=\u00a0\u00bb{}\u00a0\u00bb][et_pb_row _builder_version=\u00a0\u00bb4.22.2&Prime; background_size=\u00a0\u00bbinitial\u00a0\u00bb background_position=\u00a0\u00bbtop_left\u00a0\u00bb background_repeat=\u00a0\u00bbrepeat\u00a0\u00bb width_tablet=\u00a0\u00bb70%\u00a0\u00bb width_phone=\u00a0\u00bb80%\u00a0\u00bb width_last_edited=\u00a0\u00bbon|phone\u00a0\u00bb max_width=\u00a0\u00bb600px\u00a0\u00bb custom_margin=\u00a0\u00bb||||false|false\u00a0\u00bb global_colors_info=\u00a0\u00bb{}\u00a0\u00bb][et_pb_column type=\u00a0\u00bb4_4&Prime; _builder_version=\u00a0\u00bb4.16&Prime; custom_padding=\u00a0\u00bb|||\u00a0\u00bb global_colors_info=\u00a0\u00bb{}\u00a0\u00bb custom_padding__hover=\u00a0\u00bb|||\u00a0\u00bb][et_pb_image src=\u00a0\u00bbhttps:\/\/labyrinthe-maison-bleue.fr\/wp-content\/uploads\/Jardins-Marqu_517726092.jpg\u00a0\u00bb alt=\u00a0\u00bblmb Logo\u00a0\u00bb title_text=\u00a0\u00bbJardins-Marqu_517726092&Prime; _builder_version=\u00a0\u00bb4.22.2&Prime; _module_preset=\u00a0\u00bbdefault\u00a0\u00bb max_width=\u00a0\u00bb400px\u00a0\u00bb module_alignment=\u00a0\u00bbcenter\u00a0\u00bb custom_margin=\u00a0\u00bb0px||30px||false|false\u00a0\u00bb locked=\u00a0\u00bboff\u00a0\u00bb global_colors_info=\u00a0\u00bb{}\u00a0\u00bb][\/et_pb_image][et_pb_text _builder_version=\u00a0\u00bb4.22.2&Prime; header_text_align=\u00a0\u00bbcenter\u00a0\u00bb header_2_text_align=\u00a0\u00bbcenter\u00a0\u00bb header_2_font_size=\u00a0\u00bb40px\u00a0\u00bb background_size=\u00a0\u00bbinitial\u00a0\u00bb background_position=\u00a0\u00bbtop_left\u00a0\u00bb background_repeat=\u00a0\u00bbrepeat\u00a0\u00bb custom_margin=\u00a0\u00bb||60px||false|false\u00a0\u00bb global_colors_info=\u00a0\u00bb{}\u00a0\u00bb]<\/p>\n<h1>Crit\u00e8res<br \/>pour notre recherche<\/h1>\n<p><strong>Nous recherchons un bien immobilier&#8230;<\/strong><\/p>\n<ul>\n<li>\u00e0 acheter ou \u00e0 louer \u00e0 long terme<\/li>\n<li>situ\u00e9 en milieu rural ou en p\u00e9riph\u00e9rie urbaine<\/li>\n<li>facilement accessible pour le tourisme culturel ou naturel \u00e9tabli<\/li>\n<li>\u00e0 partir d&rsquo;environ 4 pi\u00e8ces<\/li>\n<li>\u00e0 prix normal en bon \u00e9tat structurel ou alternativement tr\u00e8s abordable avec un potentiel de r\u00e9novation<\/li>\n<li>Un terrain attenant ou s\u00e9par\u00e9 d&rsquo;environ 1 200 m2 ou plus devrait \u00eatre disponible directement \u00e0 la maison ou \u00e0 proximit\u00e9 imm\u00e9diate (3 minutes \u00e0 pied).<\/li>\n<li>Des propri\u00e9t\u00e9s \u00ab inhabituelles \u00bb ou des monuments historiques qui constituent d\u00e9j\u00e0 un point de rep\u00e8re en soi pourraient \u00e9galement \u00eatre pris en consid\u00e9ration.<\/li>\n<\/ul>\n<p>Un <strong>jardin public d\u00e9j\u00e0 \u00e9tabli, pour lequel un nouveau gestionnaire est recherch\u00e9<\/strong>, serait particuli\u00e8rement int\u00e9ressant.<\/p>\n<p><!-- \/divi:paragraph --><\/p>\n<p>[\/et_pb_text][et_pb_image src=\u00a0\u00bbhttps:\/\/labyrinthe-maison-bleue.fr\/wp-content\/uploads\/PontDuGard_WolfgangPehlemann_CC-BY-SA-3-0.jpg\u00a0\u00bb alt=\u00a0\u00bblmb Logo\u00a0\u00bb title_text=\u00a0\u00bbPontDuGard_WolfgangPehlemann_CC-BY-SA-3-0&Prime; _builder_version=\u00a0\u00bb4.22.2&Prime; _module_preset=\u00a0\u00bbdefault\u00a0\u00bb max_width=\u00a0\u00bb300px\u00a0\u00bb module_alignment=\u00a0\u00bbcenter\u00a0\u00bb custom_margin=\u00a0\u00bb30px||10px||false|false\u00a0\u00bb locked=\u00a0\u00bboff\u00a0\u00bb global_colors_info=\u00a0\u00bb{}\u00a0\u00bb][\/et_pb_image][et_pb_text _builder_version=\u00a0\u00bb4.22.2&Prime; text_text_color=\u00a0\u00bb#7a7a7a\u00a0\u00bb text_font_size=\u00a0\u00bb10px\u00a0\u00bb header_text_align=\u00a0\u00bbcenter\u00a0\u00bb header_line_height=\u00a0\u00bb1.7em\u00a0\u00bb header_2_text_align=\u00a0\u00bbcenter\u00a0\u00bb background_size=\u00a0\u00bbinitial\u00a0\u00bb background_position=\u00a0\u00bbtop_left\u00a0\u00bb background_repeat=\u00a0\u00bbrepeat\u00a0\u00bb custom_margin=\u00a0\u00bb-10px||8px||false|false\u00a0\u00bb locked=\u00a0\u00bboff\u00a0\u00bb global_colors_info=\u00a0\u00bb{}\u00a0\u00bb]<\/p>\n<p style=\"text-align: center;\">Photo : Wolfgang Phlemann, Wikimedia, CC-BY-SA 3.0<\/p>\n<p><!-- \/divi:paragraph --><\/p>\n<p>[\/et_pb_text][et_pb_text _builder_version=\u00a0\u00bb4.22.2&Prime; header_text_align=\u00a0\u00bbcenter\u00a0\u00bb header_line_height=\u00a0\u00bb1.7em\u00a0\u00bb header_2_text_align=\u00a0\u00bbcenter\u00a0\u00bb background_size=\u00a0\u00bbinitial\u00a0\u00bb background_position=\u00a0\u00bbtop_left\u00a0\u00bb background_repeat=\u00a0\u00bbrepeat\u00a0\u00bb custom_margin=\u00a0\u00bb||8px||false|false\u00a0\u00bb global_colors_info=\u00a0\u00bb{}\u00a0\u00bb]<\/p>\n<h1>Pas \u00ab n&rsquo;importe o\u00f9 \u00bb<\/h1>\n<p>En tant que citadins g\u00e2t\u00e9s, nous ne souhaitons naturellement pas aller \u00ab n&rsquo;importe o\u00f9 \u00bb, mais dans une r\u00e9gion qui attire les touristes amateurs de culture et de nature. Les images \u00e9voqu\u00e9es sont : un climat chaleureux, des paysages pittoresques, des localit\u00e9s historiques, de l&rsquo;histoire et des arts vivants, une bonne gastronomie <span>et un art de vivre. La rencontre amicale avec les voi<\/span>sins, les amis, les visiteurs et les \u00e9trangers nous tient particuli\u00e8rement \u00e0 c\u0153ur.<span class=\"Apple-converted-space\"> <\/span><\/p>\n<p>Le projet souhaite b\u00e9n\u00e9ficier d&rsquo;un tel environnement et l&rsquo;enrichir \u00e0 son tour. Nous esp\u00e9rons ainsi b\u00e9n\u00e9ficier de la bonne volont\u00e9, par exemple de l&rsquo;administration locale, dans la recherche du site, l&rsquo;obtention des autorisations, la planification, etc.<span class=\"Apple-converted-space\"> <\/span><\/p>\n<p>Plusieurs facteurs sont importants :<span class=\"Apple-converted-space\"> <\/span><\/p>\n<p>\u2022 Le lieu devrait \u00eatre facilement accessible, id\u00e9alement<br \/>\u00ab en route \u00bb vers un site touristique de premier plan.<\/p>\n<p>\u2022 En termes d\u2019infrastructure, il est n\u00e9cessaire d\u2019avoir : une connexion ferroviaire<span> convenable \u00e0 proximit\u00e9, l&rsquo;eau (y compris pour le jardin), <\/span>l&rsquo;\u00e9lectricit\u00e9 et le chauffage, un acc\u00e8s Internet rapide, une voiture spacieuse, des possibilit\u00e9s d&rsquo;achats, des soins m\u00e9dicaux.<\/p>\n<p><!-- \/divi:paragraph --><\/p>\n<p>[\/et_pb_text][et_pb_image src=\u00a0\u00bbhttps:\/\/labyrinthe-maison-bleue.fr\/wp-content\/uploads\/Maison_5882.jpg\u00a0\u00bb alt=\u00a0\u00bblmb Logo\u00a0\u00bb title_text=\u00a0\u00bbMaison_5882&Prime; _builder_version=\u00a0\u00bb4.22.2&Prime; _module_preset=\u00a0\u00bbdefault\u00a0\u00bb max_width=\u00a0\u00bb300px\u00a0\u00bb module_alignment=\u00a0\u00bbcenter\u00a0\u00bb custom_margin=\u00a0\u00bb30px||30px||false|false\u00a0\u00bb locked=\u00a0\u00bboff\u00a0\u00bb global_colors_info=\u00a0\u00bb{}\u00a0\u00bb][\/et_pb_image][et_pb_text _builder_version=\u00a0\u00bb4.22.2&Prime; header_text_align=\u00a0\u00bbcenter\u00a0\u00bb header_line_height=\u00a0\u00bb1.7em\u00a0\u00bb header_2_text_align=\u00a0\u00bbcenter\u00a0\u00bb background_size=\u00a0\u00bbinitial\u00a0\u00bb background_position=\u00a0\u00bbtop_left\u00a0\u00bb background_repeat=\u00a0\u00bbrepeat\u00a0\u00bb custom_margin=\u00a0\u00bb||8px||false|false\u00a0\u00bb global_colors_info=\u00a0\u00bb{}\u00a0\u00bb]<\/p>\n<h1>Le financement<\/h1>\n<p>Un budget pour l&rsquo;acquisition d&rsquo;un bien immobilier est disponible, mais un financement interm\u00e9diaire priv\u00e9 ou aupr\u00e8s d&rsquo;une banque fran\u00e7aise pourrait s&rsquo;av\u00e9rer n\u00e9cessaire. Ce n&rsquo;est que lorsque nous aurons trouv\u00e9 un objet int\u00e9ressant que nous pourrons \u00e9valuer et d\u00e9terminer le montant que nous pouvons consacrer \u00e0 l\u2019achat ou \u00e0 la location. Un objet plus grand conviendrait \u00e0 plusieurs participants. Un ancien b\u00e2timent n\u00e9cessite une r\u00e9novation et \u00e9ventuellement des subventions.<\/p>\n<p>Il convient \u00e9galement de v\u00e9rifier s\u2019il existe des possibilit\u00e9s de financement local pour l\u2019installation ou la mise en \u0153uvre, par exemple la promotion du tourisme ou le d\u00e9veloppement r\u00e9gional.<\/p>\n<p><!-- \/divi:paragraph --><\/p>\n<p>[\/et_pb_text][\/et_pb_column][\/et_pb_row][\/et_pb_section]<\/p>\n","protected":false},"excerpt":{"rendered":"<p>Crit\u00e8respour notre recherche Nous recherchons un bien immobilier&#8230; \u00e0 acheter ou \u00e0 louer \u00e0 long terme situ\u00e9 en milieu rural ou en p\u00e9riph\u00e9rie urbaine facilement accessible pour le tourisme culturel ou naturel \u00e9tabli \u00e0 partir d&rsquo;environ 4 pi\u00e8ces \u00e0 prix normal en bon \u00e9tat structurel ou alternativement tr\u00e8s abordable avec un potentiel de r\u00e9novation Un [&hellip;]<\/p>\n","protected":false},"author":1,"featured_media":0,"parent":0,"menu_order":30,"comment_status":"closed","ping_status":"closed","template":"","meta":{"_et_pb_use_builder":"on","_et_pb_old_content":"","_et_gb_content_width":"","inline_featured_image":false,"footnotes":""},"class_list":["post-168","page","type-page","status-publish","hentry"],"_links":{"self":[{"href":"https:\/\/labyrinthe-maison-bleue.fr\/fr\/wp-json\/wp\/v2\/pages\/168","targetHints":{"allow":["GET"]}}],"collection":[{"href":"https:\/\/labyrinthe-maison-bleue.fr\/fr\/wp-json\/wp\/v2\/pages"}],"about":[{"href":"https:\/\/labyrinthe-maison-bleue.fr\/fr\/wp-json\/wp\/v2\/types\/page"}],"author":[{"embeddable":true,"href":"https:\/\/labyrinthe-maison-bleue.fr\/fr\/wp-json\/wp\/v2\/users\/1"}],"replies":[{"embeddable":true,"href":"https:\/\/labyrinthe-maison-bleue.fr\/fr\/wp-json\/wp\/v2\/comments?post=168"}],"version-history":[{"count":4,"href":"https:\/\/labyrinthe-maison-bleue.fr\/fr\/wp-json\/wp\/v2\/pages\/168\/revisions"}],"predecessor-version":[{"id":458,"href":"https:\/\/labyrinthe-maison-bleue.fr\/fr\/wp-json\/wp\/v2\/pages\/168\/revisions\/458"}],"wp:attachment":[{"href":"https:\/\/labyrinthe-maison-bleue.fr\/fr\/wp-json\/wp\/v2\/media?parent=168"}],"curies":[{"name":"wp","href":"https:\/\/api.w.org\/{rel}","templated":true}]}}