{"id":167,"date":"2025-04-21T23:09:28","date_gmt":"2025-04-21T23:09:28","guid":{"rendered":"https:\/\/labyrinthe-maison-bleue.fr\/lidee-en-detail\/"},"modified":"2025-05-04T15:33:20","modified_gmt":"2025-05-04T15:33:20","slug":"lidee-en-detail","status":"publish","type":"page","link":"https:\/\/labyrinthe-maison-bleue.fr\/fr\/lidee-en-detail\/","title":{"rendered":"L&rsquo;id\u00e9e en d\u00e9tail"},"content":{"rendered":"<p>[et_pb_section fb_built=\u00a0\u00bb1&Prime; _builder_version=\u00a0\u00bb4.22.2&Prime; locked=\u00a0\u00bboff\u00a0\u00bb global_colors_info=\u00a0\u00bb{}\u00a0\u00bb][et_pb_row _builder_version=\u00a0\u00bb4.22.2&Prime; background_size=\u00a0\u00bbinitial\u00a0\u00bb background_position=\u00a0\u00bbtop_left\u00a0\u00bb background_repeat=\u00a0\u00bbrepeat\u00a0\u00bb width_tablet=\u00a0\u00bb70%\u00a0\u00bb width_phone=\u00a0\u00bb80%\u00a0\u00bb width_last_edited=\u00a0\u00bbon|phone\u00a0\u00bb max_width=\u00a0\u00bb600px\u00a0\u00bb custom_margin=\u00a0\u00bb||||false|false\u00a0\u00bb global_colors_info=\u00a0\u00bb{}\u00a0\u00bb][et_pb_column type=\u00a0\u00bb4_4&Prime; _builder_version=\u00a0\u00bb4.16&Prime; custom_padding=\u00a0\u00bb|||\u00a0\u00bb global_colors_info=\u00a0\u00bb{}\u00a0\u00bb custom_padding__hover=\u00a0\u00bb|||\u00a0\u00bb][et_pb_image src=\u00a0\u00bbhttps:\/\/labyrinthe-maison-bleue.fr\/wp-content\/uploads\/Montelimar_2888-1.jpg\u00a0\u00bb alt=\u00a0\u00bblmb Logo\u00a0\u00bb title_text=\u00a0\u00bbMontelimar_2888&Prime; _builder_version=\u00a0\u00bb4.22.2&Prime; _module_preset=\u00a0\u00bbdefault\u00a0\u00bb max_width=\u00a0\u00bb400px\u00a0\u00bb module_alignment=\u00a0\u00bbcenter\u00a0\u00bb custom_margin=\u00a0\u00bb30px||60px||false|false\u00a0\u00bb locked=\u00a0\u00bboff\u00a0\u00bb global_colors_info=\u00a0\u00bb{}\u00a0\u00bb][\/et_pb_image][et_pb_text _builder_version=\u00a0\u00bb4.22.2&Prime; header_text_align=\u00a0\u00bbcenter\u00a0\u00bb header_line_height=\u00a0\u00bb1.7em\u00a0\u00bb header_2_text_align=\u00a0\u00bbcenter\u00a0\u00bb background_size=\u00a0\u00bbinitial\u00a0\u00bb background_position=\u00a0\u00bbtop_left\u00a0\u00bb background_repeat=\u00a0\u00bbrepeat\u00a0\u00bb custom_margin=\u00a0\u00bb||-5px||false|false\u00a0\u00bb global_colors_info=\u00a0\u00bb{}\u00a0\u00bb]<\/p>\n<h1>L\u2019id\u00e9e en d\u00e9tail<\/h1>\n<p>Nous recherchons une maison avec terrain \u00e0 louer, en location-vente ou \u00e0 acheter. Maintenant que nos enfants sont adultes, nous souhaitons trouver un endroit en France o\u00f9 nous pourrons r\u00e9sider plus de la moiti\u00e9 de l&rsquo;ann\u00e9e. \u00c0 l\u2019instar de notre appartement \u00e0 Berlin, notre nouveau domicile devrait \u00e9galement \u00eatre une \u00ab maison ouverte \u00bb, o\u00f9 amis et visiteurs se sentent \u00e0 l&rsquo;aise.  <span class=\"Apple-converted-space\"> <\/span><\/p>\n<p>Afin de donner vie \u00e0 la maison et de l&rsquo;entretenir tout au long de l\u2019ann\u00e9e, nous envisageons de la g\u00e9rer avec une ou deux autres parties, qui s\u00e9journeraient alternativement ou simultan\u00e9ment dans la maison. Les personnes exactes avec lesquelles nous mettrons en \u0153uvre ce mod\u00e8le ne sont pas encore d\u00e9finitivement d\u00e9termin\u00e9es. Vis-\u00e0-vis de l&rsquo;ext\u00e9rieur, nous nous pr\u00e9senterons comme trois propri\u00e9taires et gestionnaires principaux.  <\/p>\n<p>Il est clair que l\u2019objectif est de cr\u00e9er plus qu\u2019une simple \u00ab maison de vacances \u00bb. Ce lieu doit devenir un endroit pour vivre et travailler, une maison vivante et ouverte, avec le jardin comme petit point d\u2019attraction raffin\u00e9 pour un tourisme cultiv\u00e9. <\/p>\n<p>&nbsp;<\/p>\n<p><!-- \/divi:paragraph -->[\/et_pb_text][et_pb_image src=\u00a0\u00bbhttps:\/\/labyrinthe-maison-bleue.fr\/wp-content\/uploads\/Bsp_Jahresplan.png\u00a0\u00bb alt=\u00a0\u00bblmb Logo\u00a0\u00bb title_text=\u00a0\u00bbBsp_Jahresplan\u00a0\u00bb _builder_version=\u00a0\u00bb4.22.2&Prime; _module_preset=\u00a0\u00bbdefault\u00a0\u00bb max_width=\u00a0\u00bb300px\u00a0\u00bb module_alignment=\u00a0\u00bbcenter\u00a0\u00bb custom_margin=\u00a0\u00bb30px||30px||false|false\u00a0\u00bb global_colors_info=\u00a0\u00bb{}\u00a0\u00bb][\/et_pb_image][et_pb_text _builder_version=\u00a0\u00bb4.22.2&Prime; header_text_align=\u00a0\u00bbcenter\u00a0\u00bb header_line_height=\u00a0\u00bb1.7em\u00a0\u00bb header_2_text_align=\u00a0\u00bbcenter\u00a0\u00bb background_size=\u00a0\u00bbinitial\u00a0\u00bb background_position=\u00a0\u00bbtop_left\u00a0\u00bb background_repeat=\u00a0\u00bbrepeat\u00a0\u00bb custom_margin=\u00a0\u00bb||60px||false|false\u00a0\u00bb global_colors_info=\u00a0\u00bb{}\u00a0\u00bb]<\/p>\n<p><i>Exemple d&rsquo;une r\u00e9partition saisonni\u00e8re possible de l&rsquo;exploitation entre trois parties \u2013 \u00e9tant entendu que les p\u00e9riodes de s\u00e9jour peuvent se chevaucher.<\/i><\/p>\n<p><!-- \/divi:paragraph --><\/p>\n<p>[\/et_pb_text][et_pb_image src=\u00a0\u00bbhttps:\/\/labyrinthe-maison-bleue.fr\/wp-content\/uploads\/Irrgarten.jpg\u00a0\u00bb alt=\u00a0\u00bblmb Logo\u00a0\u00bb title_text=\u00a0\u00bbIrrgarten\u00a0\u00bb _builder_version=\u00a0\u00bb4.22.2&Prime; _module_preset=\u00a0\u00bbdefault\u00a0\u00bb max_width=\u00a0\u00bb300px\u00a0\u00bb module_alignment=\u00a0\u00bbcenter\u00a0\u00bb custom_margin=\u00a0\u00bb30px||30px||false|false\u00a0\u00bb hover_enabled=\u00a0\u00bb0&Prime; locked=\u00a0\u00bboff\u00a0\u00bb global_colors_info=\u00a0\u00bb{}\u00a0\u00bb sticky_enabled=\u00a0\u00bb0&Prime;][\/et_pb_image][et_pb_text _builder_version=\u00a0\u00bb4.22.2&Prime; header_text_align=\u00a0\u00bbcenter\u00a0\u00bb header_line_height=\u00a0\u00bb1.7em\u00a0\u00bb header_2_text_align=\u00a0\u00bbcenter\u00a0\u00bb background_size=\u00a0\u00bbinitial\u00a0\u00bb background_position=\u00a0\u00bbtop_left\u00a0\u00bb background_repeat=\u00a0\u00bbrepeat\u00a0\u00bb custom_margin=\u00a0\u00bb||8px||false|false\u00a0\u00bb hover_enabled=\u00a0\u00bb0&Prime; global_colors_info=\u00a0\u00bb{}\u00a0\u00bb sticky_enabled=\u00a0\u00bb0&Prime;]<\/p>\n<h1>Labyrinthe &#8230;<\/h1>\n<p>L\u2019attraction principale de la maison sera un labyrinthe, accessible aux visiteurs moyennant un modeste droit d\u2019entr\u00e9e. On pourra y errer de mani\u00e8re stimulante pendant 15 \u00e0 30 minutes ou se reposer au centre sur une petite place avec un point de vue et une fontaine murmurante.<\/p>\n<p>Une id\u00e9e serait de construire le jardin en fonction des conditions locales. Des plantes indig\u00e8nes cultiv\u00e9es par nos soins, des \u00e9l\u00e9ments de construction trouv\u00e9s sur place, des restes d\u2019entreprises ou de ruines environnantes, etc. Tout est envisageable, des chemins de gravier classiques bord\u00e9s de buis aux conceptions plus ouvertes et d\u00e9routantes d&rsquo;une autre mani\u00e8re, en passant par des murets plant\u00e9s.<\/p>\n<p>Les jours d\u2019affluence, nous pr\u00e9voyons environ 30 visiteurs &#8211; pas plus. Une pr\u00e9sence dans la maison est requise pendant les heures d&rsquo;ouverture, ce qui implique des horaires d\u2019ouverture r\u00e9alistes, des jours de fermeture et des fermetures saisonni\u00e8res. Sur l\u2019ann\u00e9e, l\u2019exploitation devrait \u00eatre r\u00e9partie entre plusieurs personnes &#8211; cela concerne aussi bien l&rsquo;ouverture aux visiteurs ou la vente de boissons que l\u2019entretien et les soins.\u00a0<\/p>\n<p>&nbsp;<\/p>\n<p><!-- \/divi:paragraph -->[\/et_pb_text][et_pb_image src=\u00a0\u00bbhttps:\/\/labyrinthe-maison-bleue.fr\/wp-content\/uploads\/Atelier6_Galerie.jpg\u00a0\u00bb alt=\u00a0\u00bblmb Logo\u00a0\u00bb title_text=\u00a0\u00bbAtelier6_Galerie\u00a0\u00bb _builder_version=\u00a0\u00bb4.22.2&Prime; _module_preset=\u00a0\u00bbdefault\u00a0\u00bb max_width=\u00a0\u00bb300px\u00a0\u00bb module_alignment=\u00a0\u00bbcenter\u00a0\u00bb custom_margin=\u00a0\u00bb30px||30px||false|false\u00a0\u00bb locked=\u00a0\u00bboff\u00a0\u00bb global_colors_info=\u00a0\u00bb{}\u00a0\u00bb][\/et_pb_image][et_pb_text _builder_version=\u00a0\u00bb4.22.2&Prime; header_text_align=\u00a0\u00bbcenter\u00a0\u00bb header_line_height=\u00a0\u00bb1.7em\u00a0\u00bb header_2_text_align=\u00a0\u00bbcenter\u00a0\u00bb background_size=\u00a0\u00bbinitial\u00a0\u00bb background_position=\u00a0\u00bbtop_left\u00a0\u00bb background_repeat=\u00a0\u00bbrepeat\u00a0\u00bb custom_margin=\u00a0\u00bb||8px||false|false\u00a0\u00bb global_colors_info=\u00a0\u00bb{}\u00a0\u00bb]<\/p>\n<h1>&#8230; de la maison &#8230;<\/h1>\n<p>La maison doit \u00eatre un lieu de vie et de travail agr\u00e9able pour 2 \u00e0 5 personnes. Outre une terrasse, il doit y avoir de la place pour un bureau et un atelier. Comme mentionn\u00e9, il est important pour nous d\u2019avoir une piscine ou un lieu de baignade \u00e0 proximit\u00e9.  <\/p>\n<p>En plus du labyrinthe, la maison devrait offrir un espace semi-public o\u00f9 seraient expos\u00e9es des peintures ou des photographies d&rsquo;artistes locaux et qui servirait de petite galerie et de snack-bar o\u00f9 l&rsquo;on vendrait de la limonade, de l&rsquo;espresso ou des glaces. <span>Cet espace doit avoir une atmosph\u00e8re accueillante, lumineuse et stimulante<\/span>.<span class=\"Apple-converted-space\"> <\/span><\/p>\n<p><!-- \/divi:paragraph --><\/p>\n<p>[\/et_pb_text][et_pb_image src=\u00a0\u00bbhttps:\/\/labyrinthe-maison-bleue.fr\/wp-content\/uploads\/Jardin-Majorelle-Marrakesh-Morocco1200.jpg\u00a0\u00bb alt=\u00a0\u00bblmb Logo\u00a0\u00bb title_text=\u00a0\u00bbJardin-Majorelle-Marrakesh-Morocco1200&Prime; _builder_version=\u00a0\u00bb4.22.2&Prime; _module_preset=\u00a0\u00bbdefault\u00a0\u00bb max_width=\u00a0\u00bb300px\u00a0\u00bb module_alignment=\u00a0\u00bbcenter\u00a0\u00bb custom_margin=\u00a0\u00bb30px||30px||false|false\u00a0\u00bb locked=\u00a0\u00bboff\u00a0\u00bb global_colors_info=\u00a0\u00bb{}\u00a0\u00bb][\/et_pb_image][et_pb_text _builder_version=\u00a0\u00bb4.22.2&Prime; header_text_align=\u00a0\u00bbcenter\u00a0\u00bb header_line_height=\u00a0\u00bb1.7em\u00a0\u00bb header_2_text_align=\u00a0\u00bbcenter\u00a0\u00bb background_size=\u00a0\u00bbinitial\u00a0\u00bb background_position=\u00a0\u00bbtop_left\u00a0\u00bb background_repeat=\u00a0\u00bbrepeat\u00a0\u00bb custom_margin=\u00a0\u00bb||8px||false|false\u00a0\u00bb global_colors_info=\u00a0\u00bb{}\u00a0\u00bb]<\/p>\n<h1>&#8230; bleue<\/h1>\n<p>Pourquoi \u00ab Maison bleue \u00bb ? Dans notre imagination, l\u2019ext\u00e9rieur de la maison est peint en bleu cobalt (\u00e9galement connu sous le nom de \u00ab bleu Yves Klein \u00bb ou \u00ab bleu Majorelle \u00bb) et se d\u00e9marque ainsi de son environnement comme un point de rep\u00e8re. Le nom sonne bien, est facile \u00e0 retenir et \u00e9veille la curiosit\u00e9. Ainsi, la maison doit \u00eatre reconnaissable comme un lieu cultiv\u00e9 avec sa propre identit\u00e9. L\u2019objectif est d\u2019\u00eatre recommand\u00e9 dans les guides de voyage, les sites web et les r\u00e9seaux sociaux comme une curiosit\u00e9 remarquable en marge, qui vaut le d\u00e9tour.    <\/p>\n<p><!-- \/divi:paragraph --><\/p>\n<p>[\/et_pb_text][et_pb_image src=\u00a0\u00bbhttps:\/\/labyrinthe-maison-bleue.fr\/wp-content\/uploads\/Auslastung_Bsp.png\u00a0\u00bb alt=\u00a0\u00bblmb Logo\u00a0\u00bb title_text=\u00a0\u00bbAuslastung_Bsp\u00a0\u00bb _builder_version=\u00a0\u00bb4.22.2&Prime; _module_preset=\u00a0\u00bbdefault\u00a0\u00bb max_width=\u00a0\u00bb300px\u00a0\u00bb module_alignment=\u00a0\u00bbcenter\u00a0\u00bb custom_margin=\u00a0\u00bb30px||30px||false|false\u00a0\u00bb global_colors_info=\u00a0\u00bb{}\u00a0\u00bb][\/et_pb_image][et_pb_text _builder_version=\u00a0\u00bb4.22.2&Prime; header_text_align=\u00a0\u00bbcenter\u00a0\u00bb header_line_height=\u00a0\u00bb1.7em\u00a0\u00bb header_2_text_align=\u00a0\u00bbcenter\u00a0\u00bb background_size=\u00a0\u00bbinitial\u00a0\u00bb background_position=\u00a0\u00bbtop_left\u00a0\u00bb background_repeat=\u00a0\u00bbrepeat\u00a0\u00bb custom_margin=\u00a0\u00bb||60px||false|false\u00a0\u00bb global_colors_info=\u00a0\u00bb{}\u00a0\u00bb]<\/p>\n<p><i>Les chiffres calcul\u00e9s<span class=\"Apple-converted-space\">  <\/span>Le nombre de visiteurs varie consid\u00e9rablement au cours de l\u2019ann\u00e9e. Un maximum r\u00e9aliste serait probablement de 720 visiteurs par mois pendant la saison touristique. Avec un droit d\u2019entr\u00e9e de 5 \u20ac, cela repr\u00e9senterait<br \/>7 200 \u20ac d\u2019entr\u00e9es en juillet\/ao\u00fbt, et environ autant sur le reste de l&rsquo;ann\u00e9e. \u00c0 cela s&rsquo;ajoutent quelques recettes du snack-bar.   <\/i><\/p>\n<p><!-- \/divi:paragraph --><\/p>\n<p>[\/et_pb_text][et_pb_image src=\u00a0\u00bbhttps:\/\/labyrinthe-maison-bleue.fr\/wp-content\/uploads\/Argelaguer_joseplabyrinth1.jpg\u00a0\u00bb alt=\u00a0\u00bblmb Logo\u00a0\u00bb title_text=\u00a0\u00bbArgelaguer_joseplabyrinth1&Prime; _builder_version=\u00a0\u00bb4.22.2&Prime; _module_preset=\u00a0\u00bbdefault\u00a0\u00bb max_width=\u00a0\u00bb300px\u00a0\u00bb module_alignment=\u00a0\u00bbcenter\u00a0\u00bb custom_margin=\u00a0\u00bb30px||11px||false|false\u00a0\u00bb locked=\u00a0\u00bboff\u00a0\u00bb global_colors_info=\u00a0\u00bb{}\u00a0\u00bb][\/et_pb_image][et_pb_text _builder_version=\u00a0\u00bb4.22.2&Prime; text_text_color=\u00a0\u00bb#7a7a7a\u00a0\u00bb text_font_size=\u00a0\u00bb10px\u00a0\u00bb header_text_align=\u00a0\u00bbcenter\u00a0\u00bb header_line_height=\u00a0\u00bb1.7em\u00a0\u00bb header_2_text_align=\u00a0\u00bbcenter\u00a0\u00bb background_size=\u00a0\u00bbinitial\u00a0\u00bb background_position=\u00a0\u00bbtop_left\u00a0\u00bb background_repeat=\u00a0\u00bbrepeat\u00a0\u00bb custom_margin=\u00a0\u00bb-10px||8px||false|false\u00a0\u00bb locked=\u00a0\u00bboff\u00a0\u00bb global_colors_info=\u00a0\u00bb{}\u00a0\u00bb]<\/p>\n<p style=\"text-align: center;\">Argelaguer, Espagne<\/p>\n<p><!-- \/divi:paragraph --><\/p>\n<p>[\/et_pb_text][et_pb_text _builder_version=\u00a0\u00bb4.22.2&Prime; header_text_align=\u00a0\u00bbcenter\u00a0\u00bb header_line_height=\u00a0\u00bb1.7em\u00a0\u00bb header_2_text_align=\u00a0\u00bbcenter\u00a0\u00bb background_size=\u00a0\u00bbinitial\u00a0\u00bb background_position=\u00a0\u00bbtop_left\u00a0\u00bb background_repeat=\u00a0\u00bbrepeat\u00a0\u00bb custom_margin=\u00a0\u00bb||8px||false|false\u00a0\u00bb global_colors_info=\u00a0\u00bb{}\u00a0\u00bb]<\/p>\n<h1>Mod\u00e8les<\/h1>\n<p>Il existe des exemples de cr\u00e9ateurs de jardins et de labyrinthes autodidactes &#8211; parfois presque maniaques &#8211; qui, pouss\u00e9s par une impulsion cr\u00e9atrice artistique, ont con\u00e7u des royaumes de jardins fantastiques. Josep Pujiula (Argelaguer, Catalogne) et Nek Chand Saini (Chandigarh, Inde) en font partie. Ils n&rsquo;ont tenu compte d&rsquo;aucun droit de propri\u00e9t\u00e9 ni r\u00e9glementation, ce qui n&rsquo;est \u00e9videmment pas recommand\u00e9. Cependant, leur travail avec des ressources locales peu co\u00fbteuses &#8211; et le statut culte de ces \u0153uvres d&rsquo;art totales &#8211; est exemplaire.   <\/p>\n<p>D&rsquo;autre part, il y a la tradition des jardins d&rsquo;artistes, comme le jardin de Claude Monet (Giverny, France), le jardin du Tarot de Niki de Saint Phalle et Yves Tinguely (Garavicchio, Italie), le jardin de Salvador Dal\u00ed (Cadaqu\u00e9s, Espagne) ou celui de Jacques Majorelle (Marrakech, Maroc).<span class=\"Apple-converted-space\"> <\/span><\/p>\n<p>&nbsp;<\/p>\n<p><!-- \/divi:paragraph -->[\/et_pb_text][et_pb_image src=\u00a0\u00bbhttps:\/\/labyrinthe-maison-bleue.fr\/wp-content\/uploads\/nek-chand-rock-garden-in-chandigarh-punjab-india-EHCX5E.jpg\u00a0\u00bb alt=\u00a0\u00bblmb Logo\u00a0\u00bb title_text=\u00a0\u00bbnek-chand-rock-garden-in-chandigarh-punjab-india-EHCX5E\u00a0\u00bb _builder_version=\u00a0\u00bb4.22.2&Prime; _module_preset=\u00a0\u00bbdefault\u00a0\u00bb max_width=\u00a0\u00bb300px\u00a0\u00bb module_alignment=\u00a0\u00bbcenter\u00a0\u00bb custom_margin=\u00a0\u00bb30px||11px||false|false\u00a0\u00bb locked=\u00a0\u00bboff\u00a0\u00bb global_colors_info=\u00a0\u00bb{}\u00a0\u00bb][\/et_pb_image][et_pb_text _builder_version=\u00a0\u00bb4.22.2&Prime; text_text_color=\u00a0\u00bb#7a7a7a\u00a0\u00bb text_font_size=\u00a0\u00bb10px\u00a0\u00bb header_text_align=\u00a0\u00bbcenter\u00a0\u00bb header_line_height=\u00a0\u00bb1.7em\u00a0\u00bb header_2_text_align=\u00a0\u00bbcenter\u00a0\u00bb background_size=\u00a0\u00bbinitial\u00a0\u00bb background_position=\u00a0\u00bbtop_left\u00a0\u00bb background_repeat=\u00a0\u00bbrepeat\u00a0\u00bb custom_margin=\u00a0\u00bb-10px||8px||false|false\u00a0\u00bb locked=\u00a0\u00bboff\u00a0\u00bb global_colors_info=\u00a0\u00bb{}\u00a0\u00bb]<\/p>\n<p style=\"text-align: center;\">Chandigarh, Inde<\/p>\n<p><!-- \/divi:paragraph --><\/p>\n<p>[\/et_pb_text][\/et_pb_column][\/et_pb_row][\/et_pb_section]<\/p>\n","protected":false},"excerpt":{"rendered":"<p>L\u2019id\u00e9e en d\u00e9tail Nous recherchons une maison avec terrain \u00e0 louer, en location-vente ou \u00e0 acheter. Maintenant que nos enfants sont adultes, nous souhaitons trouver un endroit en France o\u00f9 nous pourrons r\u00e9sider plus de la moiti\u00e9 de l&rsquo;ann\u00e9e. \u00c0 l\u2019instar de notre appartement \u00e0 Berlin, notre nouveau domicile devrait \u00e9galement \u00eatre une \u00ab maison [&hellip;]<\/p>\n","protected":false},"author":1,"featured_media":0,"parent":0,"menu_order":20,"comment_status":"closed","ping_status":"closed","template":"","meta":{"_et_pb_use_builder":"on","_et_pb_old_content":"","_et_gb_content_width":"","inline_featured_image":false,"footnotes":""},"class_list":["post-167","page","type-page","status-publish","hentry"],"_links":{"self":[{"href":"https:\/\/labyrinthe-maison-bleue.fr\/fr\/wp-json\/wp\/v2\/pages\/167","targetHints":{"allow":["GET"]}}],"collection":[{"href":"https:\/\/labyrinthe-maison-bleue.fr\/fr\/wp-json\/wp\/v2\/pages"}],"about":[{"href":"https:\/\/labyrinthe-maison-bleue.fr\/fr\/wp-json\/wp\/v2\/types\/page"}],"author":[{"embeddable":true,"href":"https:\/\/labyrinthe-maison-bleue.fr\/fr\/wp-json\/wp\/v2\/users\/1"}],"replies":[{"embeddable":true,"href":"https:\/\/labyrinthe-maison-bleue.fr\/fr\/wp-json\/wp\/v2\/comments?post=167"}],"version-history":[{"count":5,"href":"https:\/\/labyrinthe-maison-bleue.fr\/fr\/wp-json\/wp\/v2\/pages\/167\/revisions"}],"predecessor-version":[{"id":466,"href":"https:\/\/labyrinthe-maison-bleue.fr\/fr\/wp-json\/wp\/v2\/pages\/167\/revisions\/466"}],"wp:attachment":[{"href":"https:\/\/labyrinthe-maison-bleue.fr\/fr\/wp-json\/wp\/v2\/media?parent=167"}],"curies":[{"name":"wp","href":"https:\/\/api.w.org\/{rel}","templated":true}]}}