{"id":164,"date":"2025-04-18T12:42:46","date_gmt":"2025-04-18T12:42:46","guid":{"rendered":"https:\/\/labyrinthe-maison-bleue.fr\/accueil\/"},"modified":"2025-05-11T14:36:48","modified_gmt":"2025-05-11T14:36:48","slug":"accueil","status":"publish","type":"page","link":"https:\/\/labyrinthe-maison-bleue.fr\/fr\/","title":{"rendered":"Accueil"},"content":{"rendered":"<p>[et_pb_section fb_built=\u00a0\u00bb1&Prime; _builder_version=\u00a0\u00bb4.22.2&Prime; global_colors_info=\u00a0\u00bb{}\u00a0\u00bb][et_pb_row _builder_version=\u00a0\u00bb4.22.2&Prime; background_size=\u00a0\u00bbinitial\u00a0\u00bb background_position=\u00a0\u00bbtop_left\u00a0\u00bb background_repeat=\u00a0\u00bbrepeat\u00a0\u00bb width_tablet=\u00a0\u00bb70%\u00a0\u00bb width_phone=\u00a0\u00bb80%\u00a0\u00bb width_last_edited=\u00a0\u00bbon|phone\u00a0\u00bb max_width=\u00a0\u00bb600px\u00a0\u00bb custom_margin=\u00a0\u00bb||||false|false\u00a0\u00bb global_colors_info=\u00a0\u00bb{}\u00a0\u00bb][et_pb_column type=\u00a0\u00bb4_4&Prime; _builder_version=\u00a0\u00bb4.16&Prime; custom_padding=\u00a0\u00bb|||\u00a0\u00bb global_colors_info=\u00a0\u00bb{}\u00a0\u00bb custom_padding__hover=\u00a0\u00bb|||\u00a0\u00bb][et_pb_image src=\u00a0\u00bbhttps:\/\/labyrinthe-maison-bleue.fr\/wp-content\/uploads\/lmb_signet_m.jpg\u00a0\u00bb alt=\u00a0\u00bblmb Logo\u00a0\u00bb title_text=\u00a0\u00bblmb_signet_m\u00a0\u00bb _builder_version=\u00a0\u00bb4.22.2&Prime; _module_preset=\u00a0\u00bbdefault\u00a0\u00bb module_alignment=\u00a0\u00bbcenter\u00a0\u00bb custom_margin=\u00a0\u00bb-70px||0px||false|false\u00a0\u00bb global_colors_info=\u00a0\u00bb{}\u00a0\u00bb][\/et_pb_image][et_pb_text _builder_version=\u00a0\u00bb4.22.2&Prime; header_text_align=\u00a0\u00bbcenter\u00a0\u00bb header_line_height=\u00a0\u00bb1.7em\u00a0\u00bb header_2_text_align=\u00a0\u00bbcenter\u00a0\u00bb background_size=\u00a0\u00bbinitial\u00a0\u00bb background_position=\u00a0\u00bbtop_left\u00a0\u00bb background_repeat=\u00a0\u00bbrepeat\u00a0\u00bb custom_margin=\u00a0\u00bb||60px||false|false\u00a0\u00bb global_colors_info=\u00a0\u00bb{}\u00a0\u00bb]<\/p>\n<h1>L&rsquo;id\u00e9e<\/h1>\n<p>Nous projetons de nous \u00e9tablir en France et de cr\u00e9er un petit centre d&rsquo;attraction culturel dans une maison rurale avec un jardin accessible au public.<\/p>\n<p><!-- divi:paragraph -->Sur le terrain, un labyrinthe (d&rsquo;environ 1 000 m\u00b2) sera cr\u00e9\u00e9, ouvert aux visiteurs moyennant un modeste droit d&rsquo;entr\u00e9e. On pourra y errer de mani\u00e8re stimulante pendant 15 \u00e0 30 minutes ou se reposer au centre sur une petite place avec un point de vue et une fontaine murmurante. <\/p>\n<p>Les plantes et les mat\u00e9riaux s&rsquo;inspireront des conditions locales. Des plantes indig\u00e8nes, des \u00e9l\u00e9ments de construction trouv\u00e9s, des objets provenant de ruines industrielles ou agricoles, etc. pourront \u00eatre utilis\u00e9s. Le concept d&rsquo;irrigation se veut \u00e9conome et donc durable. Nous envisageons moins des haies de buis uniformes, comme c&rsquo;\u00e9tait courant dans les labyrinthes rococo, mais plut\u00f4t une plantation moderne et diversifi\u00e9e qui d\u00e9soriente par sa vari\u00e9t\u00e9.   <\/p>\n<p>Les jours d&rsquo;affluence, nous pr\u00e9voyons environ 30 visiteurs &#8211; pas plus. La maison offrira \u00e9galement la possibilit\u00e9 de se rafra\u00eechir (pas de restauration), ainsi que des expositions d&rsquo;art occasionnelles, des concerts \u00e0 domicile, etc. Nous souhaitons ainsi cr\u00e9er un lieu de caract\u00e8re avec sa propre identit\u00e9, o\u00f9 la visite et la vie seront source de joie. <\/p>\n<p>Afin de faire de la maison un point de rep\u00e8re visible et reconnu, l&rsquo;id\u00e9e est de peindre sa fa\u00e7ade d&rsquo;un bleu intense.<\/p>\n<p><!-- \/divi:paragraph --><\/p>\n<p>[\/et_pb_text][et_pb_image src=\u00a0\u00bbhttps:\/\/labyrinthe-maison-bleue.fr\/wp-content\/uploads\/lmb_Visualisierung_4.jpg\u00a0\u00bb alt=\u00a0\u00bblmb Logo\u00a0\u00bb title_text=\u00a0\u00bblmb_Visualisierung_4&Prime; _builder_version=\u00a0\u00bb4.22.2&Prime; _module_preset=\u00a0\u00bbdefault\u00a0\u00bb max_width=\u00a0\u00bb400px\u00a0\u00bb module_alignment=\u00a0\u00bbcenter\u00a0\u00bb custom_margin=\u00a0\u00bb30px||30px||false|false\u00a0\u00bb global_colors_info=\u00a0\u00bb{}\u00a0\u00bb][\/et_pb_image][et_pb_text _builder_version=\u00a0\u00bb4.22.2&Prime; header_text_align=\u00a0\u00bbcenter\u00a0\u00bb header_line_height=\u00a0\u00bb1.7em\u00a0\u00bb header_2_text_align=\u00a0\u00bbcenter\u00a0\u00bb background_size=\u00a0\u00bbinitial\u00a0\u00bb background_position=\u00a0\u00bbtop_left\u00a0\u00bb background_repeat=\u00a0\u00bbrepeat\u00a0\u00bb custom_margin=\u00a0\u00bb||8px||false|false\u00a0\u00bb global_colors_info=\u00a0\u00bb{}\u00a0\u00bb]<\/p>\n<h1>Pourquoi un labyrinthe ?<\/h1>\n<p>Un labyrinthe \u2013 ou plus pr\u00e9cis\u00e9ment un d\u00e9dale \u2013 est un lieu utopique de contemplation et de d\u00e9couverte de soi, de confusion sensorielle et d&rsquo;\u00e9merveillement. Comme tout jardin, un labyrinthe est aussi un symbole. De mani\u00e8re l\u00e9g\u00e8re et paisible, notre drame de nous \u00e9garer constamment devient tangible et met \u00e0 l&rsquo;\u00e9preuve notre patience et notre pers\u00e9v\u00e9rance.<\/p>\n<p>Notre corps fait avec tous ses sens ce que notre cerveau doit habituellement faire seul : choisir entre le vrai et le faux. Pour moi, l&rsquo;id\u00e9e de cr\u00e9er un jardin, d&rsquo;accueillir des visiteurs, de rendre cet endroit sp\u00e9cial, est la quintessence de ma vie. Quitter la ville et trouver la paix sans devenir solitaire. Travailler avec ce que l&rsquo;on trouve. Rendre justice au lieu et aux gens. Cultiver des amiti\u00e9s. Cr\u00e9er un endroit o\u00f9 l&rsquo;on se sent parfaitement bien et qui nous survit.<\/p>\n<p>&nbsp;<\/p>\n<p><!-- \/divi:paragraph --><\/p>\n<p>[\/et_pb_text][et_pb_image src=\u00a0\u00bbhttps:\/\/labyrinthe-maison-bleue.fr\/wp-content\/uploads\/lmb_labyrinthe_hexagone.jpg\u00a0\u00bb alt=\u00a0\u00bblmb Logo\u00a0\u00bb title_text=\u00a0\u00bblmb_labyrinthe_hexagone\u00a0\u00bb _builder_version=\u00a0\u00bb4.22.2&Prime; _module_preset=\u00a0\u00bbdefault\u00a0\u00bb max_width=\u00a0\u00bb300px\u00a0\u00bb module_alignment=\u00a0\u00bbcenter\u00a0\u00bb custom_margin=\u00a0\u00bb0px||30px||false|false\u00a0\u00bb global_colors_info=\u00a0\u00bb{}\u00a0\u00bb][\/et_pb_image][et_pb_text _builder_version=\u00a0\u00bb4.22.2&Prime; header_text_align=\u00a0\u00bbcenter\u00a0\u00bb header_2_text_align=\u00a0\u00bbcenter\u00a0\u00bb header_2_font_size=\u00a0\u00bb40px\u00a0\u00bb background_size=\u00a0\u00bbinitial\u00a0\u00bb background_position=\u00a0\u00bbtop_left\u00a0\u00bb background_repeat=\u00a0\u00bbrepeat\u00a0\u00bb custom_margin=\u00a0\u00bb||8px||false|false\u00a0\u00bb global_colors_info=\u00a0\u00bb{}\u00a0\u00bb]<\/p>\n<h2>Miriam &amp; Peder<br \/>&#8230; et Andrea<\/h2>\n<p>Nous sommes un couple mari\u00e9 de Berlin et avons \u00e9galement quelques racines en France et en Espagne. Nous exer\u00e7ons une activit\u00e9 professionnelle : Miriam est entrepreneure, Peder est designer. Le jardin labyrinthe est l&rsquo;id\u00e9e de Peder. La maison aux portes toujours ouvertes pour les amis, c&rsquo;est Miriam.<\/p>\n<p>Andrea et sa famille \u00e0 Grenoble sont des amis de longue date avec lesquels nous passons des vacances ensemble presque chaque ann\u00e9e. Andrea a le sens de l&rsquo;organisation, parle un fran\u00e7ais courant et poss\u00e8de plusieurs propri\u00e9t\u00e9s. Avec elle, nous partageons notre amour du Sud.<\/p>\n<p>Vous pouvez en apprendre davantage sur nous <a href=\"\/wer-wir-sind\">ici<\/a>.<\/p>\n<p><!-- \/divi:paragraph --><\/p>\n<p>[\/et_pb_text][et_pb_image src=\u00a0\u00bbhttps:\/\/labyrinthe-maison-bleue.fr\/wp-content\/uploads\/Peder_Miri.jpg\u00a0\u00bb alt=\u00a0\u00bblmb Logo\u00a0\u00bb title_text=\u00a0\u00bbPeder_Miri\u00a0\u00bb _builder_version=\u00a0\u00bb4.22.2&Prime; _module_preset=\u00a0\u00bbdefault\u00a0\u00bb max_width=\u00a0\u00bb300px\u00a0\u00bb module_alignment=\u00a0\u00bbcenter\u00a0\u00bb custom_margin=\u00a0\u00bb30px||30px||false|false\u00a0\u00bb hover_enabled=\u00a0\u00bb0&Prime; global_colors_info=\u00a0\u00bb{}\u00a0\u00bb sticky_enabled=\u00a0\u00bb0&Prime;][\/et_pb_image][\/et_pb_column][\/et_pb_row][\/et_pb_section]<\/p>\n","protected":false},"excerpt":{"rendered":"<p>L&rsquo;id\u00e9e Nous projetons de nous \u00e9tablir en France et de cr\u00e9er un petit centre d&rsquo;attraction culturel dans une maison rurale avec un jardin accessible au public. Sur le terrain, un labyrinthe (d&rsquo;environ 1 000 m\u00b2) sera cr\u00e9\u00e9, ouvert aux visiteurs moyennant un modeste droit d&rsquo;entr\u00e9e. On pourra y errer de mani\u00e8re stimulante pendant 15 \u00e0 [&hellip;]<\/p>\n","protected":false},"author":1,"featured_media":0,"parent":0,"menu_order":10,"comment_status":"closed","ping_status":"closed","template":"","meta":{"_et_pb_use_builder":"on","_et_pb_old_content":"","_et_gb_content_width":"","inline_featured_image":false,"footnotes":""},"class_list":["post-164","page","type-page","status-publish","hentry"],"_links":{"self":[{"href":"https:\/\/labyrinthe-maison-bleue.fr\/fr\/wp-json\/wp\/v2\/pages\/164","targetHints":{"allow":["GET"]}}],"collection":[{"href":"https:\/\/labyrinthe-maison-bleue.fr\/fr\/wp-json\/wp\/v2\/pages"}],"about":[{"href":"https:\/\/labyrinthe-maison-bleue.fr\/fr\/wp-json\/wp\/v2\/types\/page"}],"author":[{"embeddable":true,"href":"https:\/\/labyrinthe-maison-bleue.fr\/fr\/wp-json\/wp\/v2\/users\/1"}],"replies":[{"embeddable":true,"href":"https:\/\/labyrinthe-maison-bleue.fr\/fr\/wp-json\/wp\/v2\/comments?post=164"}],"version-history":[{"count":13,"href":"https:\/\/labyrinthe-maison-bleue.fr\/fr\/wp-json\/wp\/v2\/pages\/164\/revisions"}],"predecessor-version":[{"id":516,"href":"https:\/\/labyrinthe-maison-bleue.fr\/fr\/wp-json\/wp\/v2\/pages\/164\/revisions\/516"}],"wp:attachment":[{"href":"https:\/\/labyrinthe-maison-bleue.fr\/fr\/wp-json\/wp\/v2\/media?parent=164"}],"curies":[{"name":"wp","href":"https:\/\/api.w.org\/{rel}","templated":true}]}}