{"id":8,"date":"2025-04-21T23:07:57","date_gmt":"2025-04-21T23:07:57","guid":{"rendered":"https:\/\/labyrinthe-maison-bleue.fr\/?page_id=8"},"modified":"2025-05-04T11:55:17","modified_gmt":"2025-05-04T11:55:17","slug":"suche","status":"publish","type":"page","link":"https:\/\/labyrinthe-maison-bleue.fr\/de\/suche\/","title":{"rendered":"Suche nach einem Ort"},"content":{"rendered":"<p>[et_pb_section fb_built=&#8220;1&#8243; _builder_version=&#8220;4.22.2&#8243; locked=&#8220;off&#8220; global_colors_info=&#8220;{}&#8220;][et_pb_row _builder_version=&#8220;4.22.2&#8243; background_size=&#8220;initial&#8220; background_position=&#8220;top_left&#8220; background_repeat=&#8220;repeat&#8220; width_tablet=&#8220;70%&#8220; width_phone=&#8220;80%&#8220; width_last_edited=&#8220;on|phone&#8220; max_width=&#8220;600px&#8220; custom_margin=&#8220;||||false|false&#8220; global_colors_info=&#8220;{}&#8220;][et_pb_column type=&#8220;4_4&#8243; _builder_version=&#8220;4.16&#8243; custom_padding=&#8220;|||&#8220; global_colors_info=&#8220;{}&#8220; custom_padding__hover=&#8220;|||&#8220;][et_pb_image src=&#8220;https:\/\/labyrinthe-maison-bleue.fr\/wp-content\/uploads\/Jardins-Marqu_517726092.jpg&#8220; alt=&#8220;lmb Logo&#8220; title_text=&#8220;Jardins-Marqu_517726092&#8243; _builder_version=&#8220;4.22.2&#8243; _module_preset=&#8220;default&#8220; max_width=&#8220;400px&#8220; module_alignment=&#8220;center&#8220; custom_margin=&#8220;0px||30px||false|false&#8220; locked=&#8220;off&#8220; global_colors_info=&#8220;{}&#8220;][\/et_pb_image][et_pb_text _builder_version=&#8220;4.22.2&#8243; header_text_align=&#8220;center&#8220; header_2_text_align=&#8220;center&#8220; header_2_font_size=&#8220;40px&#8220; background_size=&#8220;initial&#8220; background_position=&#8220;top_left&#8220; background_repeat=&#8220;repeat&#8220; custom_margin=&#8220;||60px||false|false&#8220; global_colors_info=&#8220;{}&#8220;]<\/p>\n<h1>Kriterien<br \/>f\u00fcr unsere Suche<\/h1>\n<p><strong>Wir suchen eine Immobilie \u2026<\/strong><\/p>\n<ul>\n<li>zu kaufen oder langfristig zu pachten<\/li>\n<li>l\u00e4ndliche Lage oder Ortsrand<\/li>\n<li>f\u00fcr etablierten Kultur- oder Naturtourismus gut erreichbar<\/li>\n<li>ab ca. 4 Zimmern<\/li>\n<li>normalpreisig in gutem baulichen Zustand oder alternativ sehr g\u00fcnstig in ausbauf\u00e4higem Zustand<\/li>\n<li>Ein dazu geh\u00f6riges oder separates Terrain von ca. 1.200 m2 oder mehr sollte direkt am Haus oder in unmittelbarer N\u00e4he (3 Gehminuten) zur Verf\u00fcgung stehen.<\/li>\n<li>In Betracht k\u00e4men auch \u201eungew\u00f6hnliche\u201c Objekte oder Baudenkm\u00e4ler, die f\u00fcr sich bereits eine Landmarke darstellen.<\/li>\n<\/ul>\n<p>Ein <strong>bereits eingef\u00fchrter \u00f6ffentlicher Garten, f\u00fcr den ein neuer Betreiber gesucht wird<\/strong>, w\u00e4re besonders interessant.<\/p>\n<p><!-- \/divi:paragraph --><\/p>\n<p>[\/et_pb_text][et_pb_image src=&#8220;https:\/\/labyrinthe-maison-bleue.fr\/wp-content\/uploads\/PontDuGard_WolfgangPehlemann_CC-BY-SA-3-0.jpg&#8220; alt=&#8220;lmb Logo&#8220; title_text=&#8220;PontDuGard_WolfgangPehlemann_CC-BY-SA-3-0&#8243; _builder_version=&#8220;4.22.2&#8243; _module_preset=&#8220;default&#8220; max_width=&#8220;300px&#8220; module_alignment=&#8220;center&#8220; custom_margin=&#8220;30px||10px||false|false&#8220; hover_enabled=&#8220;0&#8243; locked=&#8220;off&#8220; global_colors_info=&#8220;{}&#8220; sticky_enabled=&#8220;0&#8243;][\/et_pb_image][et_pb_text _builder_version=&#8220;4.22.2&#8243; header_text_align=&#8220;center&#8220; header_line_height=&#8220;1.7em&#8220; header_2_text_align=&#8220;center&#8220; background_size=&#8220;initial&#8220; background_position=&#8220;top_left&#8220; background_repeat=&#8220;repeat&#8220; custom_margin=&#8220;-10px||8px||false|false&#8220; hover_enabled=&#8220;0&#8243; global_colors_info=&#8220;{}&#8220; sticky_enabled=&#8220;0&#8243; text_font_size=&#8220;10px&#8220; text_text_color=&#8220;#7a7a7a&#8220; locked=&#8220;off&#8220;]<\/p>\n<p style=\"text-align: center;\">Foto: Wolfgang Phlemann, Wikimedia, CC-BY-SA 3.0<\/p>\n<p><!-- \/divi:paragraph --><\/p>\n<p>[\/et_pb_text][et_pb_text _builder_version=&#8220;4.22.2&#8243; header_text_align=&#8220;center&#8220; header_line_height=&#8220;1.7em&#8220; header_2_text_align=&#8220;center&#8220; background_size=&#8220;initial&#8220; background_position=&#8220;top_left&#8220; background_repeat=&#8220;repeat&#8220; custom_margin=&#8220;||8px||false|false&#8220; hover_enabled=&#8220;0&#8243; global_colors_info=&#8220;{}&#8220; sticky_enabled=&#8220;0&#8243;]<\/p>\n<h1>Nicht \u201eirgendwo\u201c<\/h1>\n<p>Als verw\u00f6hnte Gro\u00dfst\u00e4dter m\u00f6chten wir nat\u00fcrlich nicht \u201eirgendwohin\u201c, sondern in eine Gegend, in die es kultur- und naturliebende Touristen zieht. Bilder daf\u00fcr sind:\u00a0Warmes Klima, male\u00adrische Landschaften, gewachsene Ortschaften, Geschichte und lebendige K\u00fcnste, gutes Essen <span>und Lebensart. Die freundliche Begegnung mit Nach<\/span>barn, Freunden, Besuchern und Fremden ist uns besonders wichtig.<span class=\"Apple-converted-space\">\u00a0<\/span><\/p>\n<p>Von einem solchen Ambiente m\u00f6chte das Projekt profitieren und es seinerseits bereichern. Dabei hoffen wir auf guten Willen z.B. der \u00f6rtlichen Verwaltung bei der Standortsuche, Genehmigung, Planung usw.<span class=\"Apple-converted-space\">\u00a0<\/span><\/p>\n<p>Wichtig sind verschiedene Faktoren:<span class=\"Apple-converted-space\">\u00a0<\/span><\/p>\n<p>\u2022 Der Ort sollte gut erreichbar sein, idealerweise<br \/>\u201een Route\u201c zu einer hochrangigen Sehensw\u00fcrdigkeit.<\/p>\n<p>\u2022 An Infrastruktur braucht es: eine passable Bahn\u00ad<span>verbindung in der N\u00e4he, Wasser (auch Garten\u00adwasser), <\/span>Strom und Heizung, schnelles Internet, ein ger\u00e4umiges Auto, Einkaufsm\u00f6glichkeiten, medizinische Versorgung.<\/p>\n<p><!-- \/divi:paragraph --><\/p>\n<p>[\/et_pb_text][et_pb_image src=&#8220;https:\/\/labyrinthe-maison-bleue.fr\/wp-content\/uploads\/Maison_5882.jpg&#8220; alt=&#8220;lmb Logo&#8220; title_text=&#8220;Maison_5882&#8243; _builder_version=&#8220;4.22.2&#8243; _module_preset=&#8220;default&#8220; max_width=&#8220;300px&#8220; module_alignment=&#8220;center&#8220; custom_margin=&#8220;30px||30px||false|false&#8220; locked=&#8220;off&#8220; global_colors_info=&#8220;{}&#8220;][\/et_pb_image][et_pb_text _builder_version=&#8220;4.22.2&#8243; header_text_align=&#8220;center&#8220; header_line_height=&#8220;1.7em&#8220; header_2_text_align=&#8220;center&#8220; background_size=&#8220;initial&#8220; background_position=&#8220;top_left&#8220; background_repeat=&#8220;repeat&#8220; custom_margin=&#8220;||8px||false|false&#8220; hover_enabled=&#8220;0&#8243; global_colors_info=&#8220;{}&#8220; sticky_enabled=&#8220;0&#8243;]<\/p>\n<h1>Die Finanzierung<\/h1>\n<p>Ein Budget f\u00fcr den Erwerb einer Immobilie ist vorhanden, eine Zwischenfinanzierung von privat oder mit einer franz\u00f6sischen Bank k\u00f6nnte aber notwendig werden. Erst wenn wir ein interessantes Objekt gefunden haben, k\u00f6nnen wir einsch\u00e4tzen und kl\u00e4ren, wie viel wir als Kaufsumme oder Pacht aufbringen k\u00f6nnen. Ein gr\u00f6\u00dferes Objekt w\u00fcrde sich f\u00fcr mehrere Beteiligte anbieten. Ein altes Objekt erfordert Sanierung und ggf. F\u00f6rdergelder.<\/p>\n<p>Weiterhin ist zu kl\u00e4ren, ob es ggf. lokale F\u00f6rderm\u00f6glichkeiten bei der Ansiedelung oder Umsetzung gibt, z.B. Tourismusf\u00f6rderung oder Regional\u00adentwicklung.<\/p>\n<p><!-- \/divi:paragraph --><\/p>\n<p>[\/et_pb_text][\/et_pb_column][\/et_pb_row][\/et_pb_section]<\/p>\n","protected":false},"excerpt":{"rendered":"<p>Kriterienf\u00fcr unsere Suche Wir suchen eine Immobilie \u2026 zu kaufen oder langfristig zu pachten l\u00e4ndliche Lage oder Ortsrand f\u00fcr etablierten Kultur- oder Naturtourismus gut erreichbar ab ca. 4 Zimmern normalpreisig in gutem baulichen Zustand oder alternativ sehr g\u00fcnstig in ausbauf\u00e4higem Zustand Ein dazu geh\u00f6riges oder separates Terrain von ca. 1.200 m2 oder mehr sollte direkt [&hellip;]<\/p>\n","protected":false},"author":1,"featured_media":0,"parent":0,"menu_order":30,"comment_status":"closed","ping_status":"closed","template":"","meta":{"_et_pb_use_builder":"on","_et_pb_old_content":"","_et_gb_content_width":"","inline_featured_image":false,"footnotes":""},"class_list":["post-8","page","type-page","status-publish","hentry"],"_links":{"self":[{"href":"https:\/\/labyrinthe-maison-bleue.fr\/de\/wp-json\/wp\/v2\/pages\/8","targetHints":{"allow":["GET"]}}],"collection":[{"href":"https:\/\/labyrinthe-maison-bleue.fr\/de\/wp-json\/wp\/v2\/pages"}],"about":[{"href":"https:\/\/labyrinthe-maison-bleue.fr\/de\/wp-json\/wp\/v2\/types\/page"}],"author":[{"embeddable":true,"href":"https:\/\/labyrinthe-maison-bleue.fr\/de\/wp-json\/wp\/v2\/users\/1"}],"replies":[{"embeddable":true,"href":"https:\/\/labyrinthe-maison-bleue.fr\/de\/wp-json\/wp\/v2\/comments?post=8"}],"version-history":[{"count":22,"href":"https:\/\/labyrinthe-maison-bleue.fr\/de\/wp-json\/wp\/v2\/pages\/8\/revisions"}],"predecessor-version":[{"id":396,"href":"https:\/\/labyrinthe-maison-bleue.fr\/de\/wp-json\/wp\/v2\/pages\/8\/revisions\/396"}],"wp:attachment":[{"href":"https:\/\/labyrinthe-maison-bleue.fr\/de\/wp-json\/wp\/v2\/media?parent=8"}],"curies":[{"name":"wp","href":"https:\/\/api.w.org\/{rel}","templated":true}]}}