{"id":2,"date":"2025-04-18T12:42:46","date_gmt":"2025-04-18T12:42:46","guid":{"rendered":"https:\/\/labyrinthe-maison-bleue.fr\/?page_id=2"},"modified":"2025-05-11T14:37:05","modified_gmt":"2025-05-11T14:37:05","slug":"start","status":"publish","type":"page","link":"https:\/\/labyrinthe-maison-bleue.fr\/de\/","title":{"rendered":"Start"},"content":{"rendered":"<p>[et_pb_section fb_built=&#8220;1&#8243; _builder_version=&#8220;4.22.2&#8243; global_colors_info=&#8220;{}&#8220;][et_pb_row _builder_version=&#8220;4.22.2&#8243; background_size=&#8220;initial&#8220; background_position=&#8220;top_left&#8220; background_repeat=&#8220;repeat&#8220; width_tablet=&#8220;70%&#8220; width_phone=&#8220;80%&#8220; width_last_edited=&#8220;on|phone&#8220; max_width=&#8220;600px&#8220; custom_margin=&#8220;||||false|false&#8220; global_colors_info=&#8220;{}&#8220;][et_pb_column type=&#8220;4_4&#8243; _builder_version=&#8220;4.16&#8243; custom_padding=&#8220;|||&#8220; global_colors_info=&#8220;{}&#8220; custom_padding__hover=&#8220;|||&#8220;][et_pb_image src=&#8220;https:\/\/labyrinthe-maison-bleue.fr\/wp-content\/uploads\/lmb_signet_m.jpg&#8220; alt=&#8220;lmb Logo&#8220; title_text=&#8220;lmb_signet_m&#8220; _builder_version=&#8220;4.22.2&#8243; _module_preset=&#8220;default&#8220; module_alignment=&#8220;center&#8220; custom_margin=&#8220;-70px||0px||false|false&#8220; global_colors_info=&#8220;{}&#8220;][\/et_pb_image][et_pb_text _builder_version=&#8220;4.22.2&#8243; header_text_align=&#8220;center&#8220; header_line_height=&#8220;1.7em&#8220; header_2_text_align=&#8220;center&#8220; background_size=&#8220;initial&#8220; background_position=&#8220;top_left&#8220; background_repeat=&#8220;repeat&#8220; custom_margin=&#8220;||60px||false|false&#8220; global_colors_info=&#8220;{}&#8220;]<\/p>\n<h1>die idee<\/h1>\n<p>Wir planen, uns in Frankreich niederzulassen und in einem l\u00e4ndlichen Haus mit einem \u00f6ffentlich zug\u00e4nglichen Garten einen kleinen kulturellen Anziehungspunkt zu schaffen.<\/p>\n<p><!-- divi:paragraph -->Auf dem Terrain soll ein Irrgarten entstehen (ca. 1.000 qm), der Besu\u00adchern gegen einen kleinen Eintritt offen steht. In ihm kann man angeregte 15 \u2013 30 Minuten umherirren oder sich in der Mitte auf einen kleinen Platz mit Ausguck und pl\u00e4tscherndem Brunnen ausruhen.<\/p>\n<p>Die Pflanzen und Materialien sollen sich an \u00f6rtlichen Gegebenheiten orientieren. Heimische Pflanzen, vorgefundene Bauelemente, Fundst\u00fccke aus Industrieruinen oder Landwirtschaft usw. k\u00f6nnen verbaut werden. Das Bew\u00e4sserungskonzept soll sparsam und damit nachhaltig sein. Wir denken weniger an gleichf\u00f6rmige Buchsbaumhecken, wie sie in Rokkoko-Irrg\u00e4rten \u00fcblich waren, sondern an eine moderne, vielf\u00e4ltige Bepflanzung, die durch Abwechslung verwirrt.<\/p>\n<p>An belebten Tagen rechnen wir mit ca. 30 Besuchern \u2013 mehr nicht. Im Haus soll es au\u00dferdem die Gelegenheit zu einer Erfrischung geben (keine Gastronomie), sowie gelegentliche Kunstausstellungen, Hauskonzerte o. \u00e4. So m\u00f6chten wir einen Ort mit Charakter und eigener Identit\u00e4t kreieren, an dem der Besuch und das Leben Freude macht.<\/p>\n<p>Um das Haus zu einer sichtbaren und bekannten Landmarke zu machen, ist die Idee, seine Fassade in einem intensiven Blau zu streichen.<\/p>\n<p><!-- \/divi:paragraph --><\/p>\n<p>[\/et_pb_text][et_pb_image src=&#8220;https:\/\/labyrinthe-maison-bleue.fr\/wp-content\/uploads\/lmb_Visualisierung_4.jpg&#8220; alt=&#8220;lmb Logo&#8220; title_text=&#8220;lmb_Visualisierung_4&#8243; _builder_version=&#8220;4.22.2&#8243; _module_preset=&#8220;default&#8220; max_width=&#8220;400px&#8220; module_alignment=&#8220;center&#8220; custom_margin=&#8220;30px||30px||false|false&#8220; global_colors_info=&#8220;{}&#8220;][\/et_pb_image][et_pb_text _builder_version=&#8220;4.22.2&#8243; header_text_align=&#8220;center&#8220; header_2_text_align=&#8220;center&#8220; header_2_font_size=&#8220;40px&#8220; background_size=&#8220;initial&#8220; background_position=&#8220;top_left&#8220; background_repeat=&#8220;repeat&#8220; custom_margin=&#8220;||8px||false|false&#8220; global_colors_info=&#8220;{}&#8220;]<\/p>\n<h2>warum ein labyrinth?<\/h2>\n<p>Ein Labyrinth \u2013 oder genauer gesagt, ein Irrgarten \u2013 ist ein utopischer Ort der Kontemplation und Selbstfindung, der sinnlichen Verwirrung und des Staunens. Wie jeder Garten ist auch ein Irrgarten ein Symbol. Auf leichte und friedvolle Weise wird unser Drama, uns st\u00e4ndig zu irren, erfahrbar und stellt unsere Geduld und Beharrlichkeit auf die Probe.<\/p>\n<p>Unser K\u00f6rper tut mit allen Sinnen das, was unser Gehirn sonst allein tun muss: die Entscheidung zwischen falsch und richtig. F\u00fcr mich ist die Idee, einen Garten anzulegen, Besucher zu empfangen, diesen Ort zu etwas Besonderem zu machen, eine Quintessenz meines Lebens. Die Stadt verlassen und Frieden finden, ohne einsam zu werden.<br \/>Mit dem arbeiten, was man vorfindet. Dem Ort und den Menschen gerecht werden. Freundschaften pflegen.<\/p>\n<p>Einen Ort schaffen, an dem man sich rundum wohlf\u00fchlt und der einen selbst \u00fcberdauert.<\/p>\n<p>&nbsp;<\/p>\n<p><!-- \/divi:paragraph --><\/p>\n<p>[\/et_pb_text][et_pb_image src=&#8220;https:\/\/labyrinthe-maison-bleue.fr\/wp-content\/uploads\/lmb_labyrinthe_hexagone.jpg&#8220; alt=&#8220;lmb Logo&#8220; title_text=&#8220;lmb_labyrinthe_hexagone&#8220; _builder_version=&#8220;4.22.2&#8243; _module_preset=&#8220;default&#8220; max_width=&#8220;300px&#8220; module_alignment=&#8220;center&#8220; custom_margin=&#8220;0px||30px||false|false&#8220; global_colors_info=&#8220;{}&#8220;][\/et_pb_image][et_pb_text _builder_version=&#8220;4.22.2&#8243; header_text_align=&#8220;center&#8220; header_2_text_align=&#8220;center&#8220; header_2_font_size=&#8220;40px&#8220; background_size=&#8220;initial&#8220; background_position=&#8220;top_left&#8220; background_repeat=&#8220;repeat&#8220; custom_margin=&#8220;||8px||false|false&#8220; global_colors_info=&#8220;{}&#8220;]<\/p>\n<h2>Miriam &amp; Peder<br \/>\u2026 und Andrea\u00a0<\/h2>\n<p>Wir sind ein Ehepaar aus Berlin und haben gleichzeitig einige Wurzeln in Frankreich und Spanien. Wir sind berufst\u00e4tig: Miriam ist Unternehmerin, Peder ist Designer. Der Labyrinthgarten ist Peders Idee. Das Haus mit stets offenen T\u00fcren f\u00fcr Freunde, das ist Miriam.<\/p>\n<p>Andrea und ihre Familie in Grenoble sind langj\u00e4hrige Freunde mit denen wir in fast jedem Jahr eine Zeit geminsam Urlaub machen. Andrea ist ein Organisationstalent, spricht vertragssicheres Franz\u00f6sisch und besitzt mehrere Immobilien. Mit ihr teilen wir unsere Liebe zum S\u00fcden.<\/p>\n<p>Mehr \u00fcber uns erfahren Sie <a href=\"\/wir\">hier<\/a>.<\/p>\n<p><!-- \/divi:paragraph --><\/p>\n<p>[\/et_pb_text][et_pb_image src=&#8220;https:\/\/labyrinthe-maison-bleue.fr\/wp-content\/uploads\/Peder_Miri.jpg&#8220; alt=&#8220;lmb Logo&#8220; title_text=&#8220;Peder_Miri&#8220; _builder_version=&#8220;4.22.2&#8243; _module_preset=&#8220;default&#8220; max_width=&#8220;300px&#8220; module_alignment=&#8220;center&#8220; custom_margin=&#8220;30px||30px||false|false&#8220; hover_enabled=&#8220;0&#8243; global_colors_info=&#8220;{}&#8220; sticky_enabled=&#8220;0&#8243;][\/et_pb_image][\/et_pb_column][\/et_pb_row][\/et_pb_section]<\/p>\n","protected":false},"excerpt":{"rendered":"<p>die idee Wir planen, uns in Frankreich niederzulassen und in einem l\u00e4ndlichen Haus mit einem \u00f6ffentlich zug\u00e4nglichen Garten einen kleinen kulturellen Anziehungspunkt zu schaffen. Auf dem Terrain soll ein Irrgarten entstehen (ca. 1.000 qm), der Besu\u00adchern gegen einen kleinen Eintritt offen steht. In ihm kann man angeregte 15 \u2013 30 Minuten umherirren oder sich in [&hellip;]<\/p>\n","protected":false},"author":1,"featured_media":0,"parent":0,"menu_order":10,"comment_status":"closed","ping_status":"closed","template":"","meta":{"_et_pb_use_builder":"on","_et_pb_old_content":"<!-- wp:paragraph -->\n<p>This is an example page. It's different from a blog post because it will stay in one place and will show up in your site navigation (in most themes). Most people start with an About page that introduces them to potential site visitors. It might say something like this:<\/p>\n<!-- \/wp:paragraph -->\n\n<!-- wp:quote -->\n<blockquote class=\"wp-block-quote\"><p>Hi there! I'm a bike messenger by day, aspiring actor by night, and this is my website. I live in Los Angeles, have a great dog named Jack, and I like pi&#241;a coladas. (And gettin' caught in the rain.)<\/p><\/blockquote>\n<!-- \/wp:quote -->\n\n<!-- wp:paragraph -->\n<p>...or something like this:<\/p>\n<!-- \/wp:paragraph -->\n\n<!-- wp:quote -->\n<blockquote class=\"wp-block-quote\"><p>The XYZ Doohickey Company was founded in 1971, and has been providing quality doohickeys to the public ever since. Located in Gotham City, XYZ employs over 2,000 people and does all kinds of awesome things for the Gotham community.<\/p><\/blockquote>\n<!-- \/wp:quote -->\n\n<!-- wp:paragraph -->\n<p>As a new WordPress user, you should go to <a href=\"https:\/\/labyrinthe-maison-bleue.fr\/wp-admin\/\">your dashboard<\/a> to delete this page and create new pages for your content. Have fun!<\/p>\n<!-- \/wp:paragraph -->","_et_gb_content_width":"","inline_featured_image":false,"footnotes":""},"class_list":["post-2","page","type-page","status-publish","hentry"],"_links":{"self":[{"href":"https:\/\/labyrinthe-maison-bleue.fr\/de\/wp-json\/wp\/v2\/pages\/2","targetHints":{"allow":["GET"]}}],"collection":[{"href":"https:\/\/labyrinthe-maison-bleue.fr\/de\/wp-json\/wp\/v2\/pages"}],"about":[{"href":"https:\/\/labyrinthe-maison-bleue.fr\/de\/wp-json\/wp\/v2\/types\/page"}],"author":[{"embeddable":true,"href":"https:\/\/labyrinthe-maison-bleue.fr\/de\/wp-json\/wp\/v2\/users\/1"}],"replies":[{"embeddable":true,"href":"https:\/\/labyrinthe-maison-bleue.fr\/de\/wp-json\/wp\/v2\/comments?post=2"}],"version-history":[{"count":38,"href":"https:\/\/labyrinthe-maison-bleue.fr\/de\/wp-json\/wp\/v2\/pages\/2\/revisions"}],"predecessor-version":[{"id":517,"href":"https:\/\/labyrinthe-maison-bleue.fr\/de\/wp-json\/wp\/v2\/pages\/2\/revisions\/517"}],"wp:attachment":[{"href":"https:\/\/labyrinthe-maison-bleue.fr\/de\/wp-json\/wp\/v2\/media?parent=2"}],"curies":[{"name":"wp","href":"https:\/\/api.w.org\/{rel}","templated":true}]}}