{"id":14,"date":"2025-04-21T23:09:28","date_gmt":"2025-04-21T23:09:28","guid":{"rendered":"https:\/\/labyrinthe-maison-bleue.fr\/?page_id=14"},"modified":"2025-05-04T14:20:36","modified_gmt":"2025-05-04T14:20:36","slug":"die-idee-im-detail","status":"publish","type":"page","link":"https:\/\/labyrinthe-maison-bleue.fr\/de\/die-idee-im-detail\/","title":{"rendered":"Die Idee im Detail"},"content":{"rendered":"<p>[et_pb_section fb_built=&#8220;1&#8243; _builder_version=&#8220;4.22.2&#8243; locked=&#8220;off&#8220; global_colors_info=&#8220;{}&#8220;][et_pb_row _builder_version=&#8220;4.22.2&#8243; background_size=&#8220;initial&#8220; background_position=&#8220;top_left&#8220; background_repeat=&#8220;repeat&#8220; width_tablet=&#8220;70%&#8220; width_phone=&#8220;80%&#8220; width_last_edited=&#8220;on|phone&#8220; max_width=&#8220;600px&#8220; custom_margin=&#8220;||||false|false&#8220; global_colors_info=&#8220;{}&#8220;][et_pb_column type=&#8220;4_4&#8243; _builder_version=&#8220;4.16&#8243; custom_padding=&#8220;|||&#8220; global_colors_info=&#8220;{}&#8220; custom_padding__hover=&#8220;|||&#8220;][et_pb_image src=&#8220;https:\/\/labyrinthe-maison-bleue.fr\/wp-content\/uploads\/Montelimar_2888-1.jpg&#8220; alt=&#8220;lmb Logo&#8220; title_text=&#8220;Montelimar_2888&#8243; _builder_version=&#8220;4.22.2&#8243; _module_preset=&#8220;default&#8220; max_width=&#8220;400px&#8220; module_alignment=&#8220;center&#8220; custom_margin=&#8220;30px||60px||false|false&#8220; hover_enabled=&#8220;0&#8243; locked=&#8220;off&#8220; global_colors_info=&#8220;{}&#8220; sticky_enabled=&#8220;0&#8243;][\/et_pb_image][et_pb_text _builder_version=&#8220;4.22.2&#8243; header_text_align=&#8220;center&#8220; header_line_height=&#8220;1.7em&#8220; header_2_text_align=&#8220;center&#8220; background_size=&#8220;initial&#8220; background_position=&#8220;top_left&#8220; background_repeat=&#8220;repeat&#8220; custom_margin=&#8220;||-5px||false|false&#8220; global_colors_info=&#8220;{}&#8220;]<\/p>\n<h1>Die Idee im Detail<\/h1>\n<p>Wir suchen ein Haus mit Grundst\u00fcck zur Pacht, zum Mietkauf oder Kauf. Nachdem unsere Kinder erwachsen sind, m\u00f6chten wir in Frankreich einen Ort finden, an dem wir mehr als die H\u00e4lfte des Jahres leben k\u00f6nnen. Wie unsere Wohnung in Berlin, so sollte auch unser neues Domizil ein \u201eoffenes Haus\u201c sein, in dem sich Freunde und Besucher wohl f\u00fchlen.<span class=\"Apple-converted-space\">\u00a0<\/span><\/p>\n<p>Um das Haus mit Leben zu f\u00fcllen und ganzj\u00e4hrig in Schuss zu halten, ist die \u00dcberlegung, es mit ein bis zwei weiteren Parteien zu betreiben, die sich abwechselnd oder auch gleichzeitig im Haus aufhalten. Mit wem genau wir dieses Modell umsetzen steht noch nicht endg\u00fcltig fest. Nach au\u00dfen treten wir als drei hauptverantwortliche Eigent\u00fcmer und Betreiber auf.<\/p>\n<p>Klar ist: Hier soll mehr entstehen, als ein \u201eFerienhaus\u201c. Es soll ein Ort zum Leben und Arbeiten werden, ein lebendiges und offenes Haus mit dem Garten als kleinem, feinen Anziehungspunkt f\u00fcr kultivierten Tourismus.<\/p>\n<p>&nbsp;<\/p>\n<p><!-- \/divi:paragraph -->[\/et_pb_text][et_pb_image src=&#8220;https:\/\/labyrinthe-maison-bleue.fr\/wp-content\/uploads\/Bsp_Jahresplan.png&#8220; alt=&#8220;lmb Logo&#8220; title_text=&#8220;Bsp_Jahresplan&#8220; _builder_version=&#8220;4.22.2&#8243; _module_preset=&#8220;default&#8220; max_width=&#8220;300px&#8220; module_alignment=&#8220;center&#8220; custom_margin=&#8220;30px||30px||false|false&#8220; global_colors_info=&#8220;{}&#8220;][\/et_pb_image][et_pb_text _builder_version=&#8220;4.22.2&#8243; header_text_align=&#8220;center&#8220; header_line_height=&#8220;1.7em&#8220; header_2_text_align=&#8220;center&#8220; background_size=&#8220;initial&#8220; background_position=&#8220;top_left&#8220; background_repeat=&#8220;repeat&#8220; custom_margin=&#8220;||60px||false|false&#8220; global_colors_info=&#8220;{}&#8220;]<\/p>\n<p><i>Beispiel f\u00fcr eine m\u00f6gliche saisonale Aufteilung des Besucherbetriebs unter drei Parteien \u2013 wobei sich die Aufenthalts\u00adzeiten auch \u00fcberschneiden k\u00f6nnen.<\/i><\/p>\n<p><!-- \/divi:paragraph --><\/p>\n<p>[\/et_pb_text][et_pb_image src=&#8220;https:\/\/labyrinthe-maison-bleue.fr\/wp-content\/uploads\/Irrgarten.jpg&#8220; alt=&#8220;lmb Logo&#8220; title_text=&#8220;Irrgarten&#8220; _builder_version=&#8220;4.22.2&#8243; _module_preset=&#8220;default&#8220; max_width=&#8220;300px&#8220; module_alignment=&#8220;center&#8220; custom_margin=&#8220;30px||30px||false|false&#8220; locked=&#8220;off&#8220; global_colors_info=&#8220;{}&#8220;][\/et_pb_image][et_pb_text _builder_version=&#8220;4.22.2&#8243; header_text_align=&#8220;center&#8220; header_line_height=&#8220;1.7em&#8220; header_2_text_align=&#8220;center&#8220; background_size=&#8220;initial&#8220; background_position=&#8220;top_left&#8220; background_repeat=&#8220;repeat&#8220; custom_margin=&#8220;||8px||false|false&#8220; global_colors_info=&#8220;{}&#8220;]<\/p>\n<h1>Labyrinthe \u2026<\/h1>\n<p>Die Attraktion des Hauses soll ein Irrgarten werden, der f\u00fcr Besu\u00adcher gegen einen kleinen Eintritt zug\u00e4nglich ist. In ihm kann man angeregte 15 \u2013 30 Minuten umherirren oder sich in der Mitte auf einen kleinen Platz mit Ausguck und pl\u00e4tscherndem Brunnen ausruhen.<\/p>\n<p>Eine Idee ist, den Garten nach \u00f6rtlichen Gegebenheiten zu bauen. Selbstgezogene heimische Pflanzen, vorgefundene Bauelemente, Reste von umliegenden Betrieben oder Ruinen usw. Von klassischen Kies\u00adwegen durch Buchsbaumhecken \u00fcber bepflanzte M\u00e4uerchen bis hin zu offeneren, auf andere Weise verwirrenden Gestaltungen ist alles denkbar.<\/p>\n<p>An belebten Tagen rechnen wir mit ca. 30 Besuchern \u2013 mehr nicht. Zu den \u00d6ffnungszeiten ist eine Anwesen\u00adheit im Haus erforderlich, entsprechend muss es realistische \u00d6ffnungszeiten, freie Tage und saisonale Schlie\u00dfungen geben. \u00dcber das Jahr sollte der Betrieb unter mehreren Personen aufgeteilt sein \u2013 das betrifft die \u00d6ffnung f\u00fcr Besucher oder Getr\u00e4nkeverkauf ebenso wie die Instandhaltung und Pflege.<\/p>\n<p>&nbsp;<\/p>\n<p><!-- \/divi:paragraph --><\/p>\n<p>[\/et_pb_text][et_pb_image src=&#8220;https:\/\/labyrinthe-maison-bleue.fr\/wp-content\/uploads\/Atelier6_Galerie.jpg&#8220; alt=&#8220;lmb Logo&#8220; title_text=&#8220;Atelier6_Galerie&#8220; _builder_version=&#8220;4.22.2&#8243; _module_preset=&#8220;default&#8220; max_width=&#8220;300px&#8220; module_alignment=&#8220;center&#8220; custom_margin=&#8220;30px||30px||false|false&#8220; locked=&#8220;off&#8220; global_colors_info=&#8220;{}&#8220;][\/et_pb_image][et_pb_text _builder_version=&#8220;4.22.2&#8243; header_text_align=&#8220;center&#8220; header_line_height=&#8220;1.7em&#8220; header_2_text_align=&#8220;center&#8220; background_size=&#8220;initial&#8220; background_position=&#8220;top_left&#8220; background_repeat=&#8220;repeat&#8220; custom_margin=&#8220;||8px||false|false&#8220; global_colors_info=&#8220;{}&#8220;]<\/p>\n<h1>\u2026 de la maison \u2026<\/h1>\n<p>Das Haus soll ein angenehmer Wohn- und Arbeitsort f\u00fcr 2 bis 5 Personen sein. Neben einer Terrasse muss Platz f\u00fcr ein B\u00fcro und ein Atelier sein. Wie gesagt ist uns wichtig, einen Pool oder eine Badestelle in der N\u00e4he zu haben.<\/p>\n<p>Zus\u00e4tzlich zum Labyrinth sollte das Haus einen halb\u00f6ffentlichen Gastraum bieten, in dem Malerei oder Fotografie von lokalen K\u00fcnstlern ausgestellt wird und der als kleine Galerie und Snackbar fungiert, wo Limonade, Espresso oder Eis verkauft werden. <span>Dieser Raum soll eine freundliche, helle und anregende<\/span> Ausstrahlung haben.<span class=\"Apple-converted-space\">\u00a0<\/span><\/p>\n<p><!-- \/divi:paragraph --><\/p>\n<p>[\/et_pb_text][et_pb_image src=&#8220;https:\/\/labyrinthe-maison-bleue.fr\/wp-content\/uploads\/Jardin-Majorelle-Marrakesh-Morocco1200.jpg&#8220; alt=&#8220;lmb Logo&#8220; title_text=&#8220;Jardin-Majorelle-Marrakesh-Morocco1200&#8243; _builder_version=&#8220;4.22.2&#8243; _module_preset=&#8220;default&#8220; max_width=&#8220;300px&#8220; module_alignment=&#8220;center&#8220; custom_margin=&#8220;30px||30px||false|false&#8220; locked=&#8220;off&#8220; global_colors_info=&#8220;{}&#8220;][\/et_pb_image][et_pb_text _builder_version=&#8220;4.22.2&#8243; header_text_align=&#8220;center&#8220; header_line_height=&#8220;1.7em&#8220; header_2_text_align=&#8220;center&#8220; background_size=&#8220;initial&#8220; background_position=&#8220;top_left&#8220; background_repeat=&#8220;repeat&#8220; custom_margin=&#8220;||8px||false|false&#8220; global_colors_info=&#8220;{}&#8220;]<\/p>\n<h1>\u2026 bleue<\/h1>\n<p>Warum \u201eMaison bleue\u201c? In unserer Vorstellung ist das Haus von au\u00dfen in Kobaltblau angestrichen (auch als \u201eYves-Klein-\u201c oder \u201eMajorelle-Blau\u201c bekannt) und hebt sich schon dadurch als Landmarke von der Umgebung ab. Der Name klingt gut, ist eing\u00e4ngig und macht Neugierig. So soll das Haus als kultivierter Ort mit eigener Identit\u00e4t erkennbar werden. Das Ziel ist, in Reisef\u00fchrern, Websites und Sozialen Netzwerken als bemerkenswerte Kuriosit\u00e4t am Rande empfohlen werden, die einen Besuch lohnt.<\/p>\n<p><!-- \/divi:paragraph --><\/p>\n<p>[\/et_pb_text][et_pb_image src=&#8220;https:\/\/labyrinthe-maison-bleue.fr\/wp-content\/uploads\/Auslastung_Bsp.png&#8220; alt=&#8220;lmb Logo&#8220; title_text=&#8220;Auslastung_Bsp&#8220; _builder_version=&#8220;4.22.2&#8243; _module_preset=&#8220;default&#8220; max_width=&#8220;300px&#8220; module_alignment=&#8220;center&#8220; custom_margin=&#8220;30px||30px||false|false&#8220; global_colors_info=&#8220;{}&#8220;][\/et_pb_image][et_pb_text _builder_version=&#8220;4.22.2&#8243; header_text_align=&#8220;center&#8220; header_line_height=&#8220;1.7em&#8220; header_2_text_align=&#8220;center&#8220; background_size=&#8220;initial&#8220; background_position=&#8220;top_left&#8220; background_repeat=&#8220;repeat&#8220; custom_margin=&#8220;||60px||false|false&#8220; global_colors_info=&#8220;{}&#8220;]<\/p>\n<p><i>Die kalkulierten<span class=\"Apple-converted-space\">\u00a0 <\/span>Besucherzahlen varriieren stark \u00fcbers Jahr. Als Maximum realistisch w\u00e4ren wohl 720 Besucher\u2009pro Monat in der Feriensaison. Bei 5,\u2013 \u20ac Eintritt k\u00e4men so <br \/>7.200,\u2013 \u20ac Eintritte im Juli\/August zusammen, \u00fcber den Rest des Jahres etwa nochmal soviel. Dazu kommen ein paar Erl\u00f6se aus der Snackbar.<\/i><\/p>\n<p><!-- \/divi:paragraph --><\/p>\n<p>[\/et_pb_text][et_pb_image src=&#8220;https:\/\/labyrinthe-maison-bleue.fr\/wp-content\/uploads\/Argelaguer_joseplabyrinth1.jpg&#8220; alt=&#8220;lmb Logo&#8220; title_text=&#8220;Argelaguer_joseplabyrinth1&#8243; _builder_version=&#8220;4.22.2&#8243; _module_preset=&#8220;default&#8220; max_width=&#8220;300px&#8220; module_alignment=&#8220;center&#8220; custom_margin=&#8220;30px||11px||false|false&#8220; locked=&#8220;off&#8220; global_colors_info=&#8220;{}&#8220;][\/et_pb_image][et_pb_text _builder_version=&#8220;4.22.2&#8243; text_text_color=&#8220;#7a7a7a&#8220; text_font_size=&#8220;10px&#8220; header_text_align=&#8220;center&#8220; header_line_height=&#8220;1.7em&#8220; header_2_text_align=&#8220;center&#8220; background_size=&#8220;initial&#8220; background_position=&#8220;top_left&#8220; background_repeat=&#8220;repeat&#8220; custom_margin=&#8220;-10px||8px||false|false&#8220; locked=&#8220;off&#8220; global_colors_info=&#8220;{}&#8220;]<\/p>\n<p style=\"text-align: center;\">Argelaguer, Spanien<\/p>\n<p><!-- \/divi:paragraph --><\/p>\n<p>[\/et_pb_text][et_pb_text _builder_version=&#8220;4.22.2&#8243; header_text_align=&#8220;center&#8220; header_line_height=&#8220;1.7em&#8220; header_2_text_align=&#8220;center&#8220; background_size=&#8220;initial&#8220; background_position=&#8220;top_left&#8220; background_repeat=&#8220;repeat&#8220; custom_margin=&#8220;||8px||false|false&#8220; global_colors_info=&#8220;{}&#8220;]<\/p>\n<h1>Vorbilder<\/h1>\n<p>Es gibt Beispiele von autodidaktischen \u2013 manchmal geradezu manischen \u2013 Garten- und Labyrintherbauern, die aus k\u00fcnstlerischem Schaffensdrang fantastische Gartenreiche angelegt haben. Josep Pujiula (Argelaguer, Katalonien) und Nek Chand Saini (Chandigarh, Indien) sind zwei davon. Sie haben dabei auf keinerlei Eigentumsverh\u00e4ltnisse oder Vorschriften geachtet, was nat\u00fcrlich nicht zu empfehlen ist. Vorbildhaft ist hier aber die Arbeit mit g\u00fcnstigen lokalen Ressourcen \u2013 und der Kultstatus dieser Gesamtkunstwerke.<\/p>\n<p>Zum anderen gibt es die Tradition der K\u00fcnstlerg\u00e4rten, wie den Garten Claude Monets (Giverny, Frankreich), den Tarot-Garten von Niki de Saint Phalle und Yves Tinguely (Garavicchio, Italien), den Garten von Salvador Dal\u00ed (Cadaqu\u00e9s, Spanien) oder den von Jacques Majorelle (Marrakesch, Marokko).<span class=\"Apple-converted-space\">\u00a0<\/span><\/p>\n<p>&nbsp;<\/p>\n<p><!-- \/divi:paragraph -->[\/et_pb_text][et_pb_image src=&#8220;https:\/\/labyrinthe-maison-bleue.fr\/wp-content\/uploads\/nek-chand-rock-garden-in-chandigarh-punjab-india-EHCX5E.jpg&#8220; alt=&#8220;lmb Logo&#8220; title_text=&#8220;nek-chand-rock-garden-in-chandigarh-punjab-india-EHCX5E&#8220; _builder_version=&#8220;4.22.2&#8243; _module_preset=&#8220;default&#8220; max_width=&#8220;300px&#8220; module_alignment=&#8220;center&#8220; custom_margin=&#8220;30px||11px||false|false&#8220; locked=&#8220;off&#8220; global_colors_info=&#8220;{}&#8220;][\/et_pb_image][et_pb_text _builder_version=&#8220;4.22.2&#8243; text_text_color=&#8220;#7a7a7a&#8220; text_font_size=&#8220;10px&#8220; header_text_align=&#8220;center&#8220; header_line_height=&#8220;1.7em&#8220; header_2_text_align=&#8220;center&#8220; background_size=&#8220;initial&#8220; background_position=&#8220;top_left&#8220; background_repeat=&#8220;repeat&#8220; custom_margin=&#8220;-10px||8px||false|false&#8220; locked=&#8220;off&#8220; global_colors_info=&#8220;{}&#8220;]<\/p>\n<p style=\"text-align: center;\">Chandigarh, Indien<\/p>\n<p><!-- \/divi:paragraph --><\/p>\n<p>[\/et_pb_text][\/et_pb_column][\/et_pb_row][\/et_pb_section]<\/p>\n","protected":false},"excerpt":{"rendered":"<p>Die Idee im Detail Wir suchen ein Haus mit Grundst\u00fcck zur Pacht, zum Mietkauf oder Kauf. Nachdem unsere Kinder erwachsen sind, m\u00f6chten wir in Frankreich einen Ort finden, an dem wir mehr als die H\u00e4lfte des Jahres leben k\u00f6nnen. Wie unsere Wohnung in Berlin, so sollte auch unser neues Domizil ein \u201eoffenes Haus\u201c sein, in [&hellip;]<\/p>\n","protected":false},"author":1,"featured_media":0,"parent":0,"menu_order":20,"comment_status":"closed","ping_status":"closed","template":"","meta":{"_et_pb_use_builder":"on","_et_pb_old_content":"","_et_gb_content_width":"","inline_featured_image":false,"footnotes":""},"class_list":["post-14","page","type-page","status-publish","hentry"],"_links":{"self":[{"href":"https:\/\/labyrinthe-maison-bleue.fr\/de\/wp-json\/wp\/v2\/pages\/14","targetHints":{"allow":["GET"]}}],"collection":[{"href":"https:\/\/labyrinthe-maison-bleue.fr\/de\/wp-json\/wp\/v2\/pages"}],"about":[{"href":"https:\/\/labyrinthe-maison-bleue.fr\/de\/wp-json\/wp\/v2\/types\/page"}],"author":[{"embeddable":true,"href":"https:\/\/labyrinthe-maison-bleue.fr\/de\/wp-json\/wp\/v2\/users\/1"}],"replies":[{"embeddable":true,"href":"https:\/\/labyrinthe-maison-bleue.fr\/de\/wp-json\/wp\/v2\/comments?post=14"}],"version-history":[{"count":21,"href":"https:\/\/labyrinthe-maison-bleue.fr\/de\/wp-json\/wp\/v2\/pages\/14\/revisions"}],"predecessor-version":[{"id":500,"href":"https:\/\/labyrinthe-maison-bleue.fr\/de\/wp-json\/wp\/v2\/pages\/14\/revisions\/500"}],"wp:attachment":[{"href":"https:\/\/labyrinthe-maison-bleue.fr\/de\/wp-json\/wp\/v2\/media?parent=14"}],"curies":[{"name":"wp","href":"https:\/\/api.w.org\/{rel}","templated":true}]}}