{"id":12,"date":"2025-04-21T23:08:43","date_gmt":"2025-04-21T23:08:43","guid":{"rendered":"https:\/\/labyrinthe-maison-bleue.fr\/?page_id=12"},"modified":"2025-05-11T14:35:28","modified_gmt":"2025-05-11T14:35:28","slug":"wir","status":"publish","type":"page","link":"https:\/\/labyrinthe-maison-bleue.fr\/de\/wir\/","title":{"rendered":"Wer wir sind"},"content":{"rendered":"<p>[et_pb_section fb_built=&#8220;1&#8243; _builder_version=&#8220;4.22.2&#8243; locked=&#8220;off&#8220; global_colors_info=&#8220;{}&#8220;][et_pb_row _builder_version=&#8220;4.22.2&#8243; background_size=&#8220;initial&#8220; background_position=&#8220;top_left&#8220; background_repeat=&#8220;repeat&#8220; width_tablet=&#8220;70%&#8220; width_phone=&#8220;80%&#8220; width_last_edited=&#8220;on|phone&#8220; max_width=&#8220;600px&#8220; custom_margin=&#8220;||||false|false&#8220; global_colors_info=&#8220;{}&#8220;][et_pb_column type=&#8220;4_4&#8243; _builder_version=&#8220;4.16&#8243; custom_padding=&#8220;|||&#8220; global_colors_info=&#8220;{}&#8220; custom_padding__hover=&#8220;|||&#8220;][et_pb_image src=&#8220;https:\/\/labyrinthe-maison-bleue.fr\/wp-content\/uploads\/MP_24.jpg&#8220; alt=&#8220;lmb Logo&#8220; title_text=&#8220;MP_24&#8243; _builder_version=&#8220;4.22.2&#8243; _module_preset=&#8220;default&#8220; max_width=&#8220;400px&#8220; module_alignment=&#8220;center&#8220; custom_margin=&#8220;30px||30px||false|false&#8220; hover_enabled=&#8220;0&#8243; global_colors_info=&#8220;{}&#8220; sticky_enabled=&#8220;0&#8243;][\/et_pb_image][et_pb_text _builder_version=&#8220;4.22.2&#8243; header_text_align=&#8220;center&#8220; header_line_height=&#8220;1.7em&#8220; header_2_text_align=&#8220;center&#8220; background_size=&#8220;initial&#8220; background_position=&#8220;top_left&#8220; background_repeat=&#8220;repeat&#8220; custom_margin=&#8220;||60px||false|false&#8220; global_colors_info=&#8220;{}&#8220;]<\/p>\n<h1>wer wir sind<\/h1>\n<p><strong>Miriam und Peder<\/strong> leben seit 20 Jahren zusammen in Berlin und haben zwei erwachsene Kinder.<\/p>\n<p><strong>Peder:<\/strong> Die Sache mit dem Irrgarten ist meine Idee. Ich habe freie Malerei studiert und einige Jahre freier <a href=\"https:\/\/tunguska-index.net\">K\u00fcnstler<\/a> gearbeitet. Heute bin ich als freiberuflicher <a href=\"https:\/\/bludot.berlin\">Grafiker<\/a> und Kommunikationsberater gut etabliert. Dabei arbeite ich viel am Rechner und zunehmend remote. Auf meine alten Tage m\u00f6chte ich mehr mit den H\u00e4nden arbeiten und einen neuen k\u00fcnstlerischen Impuls aufnehmen. Ich habe handwerkliches Geschick, spreche ausreichend Franz\u00f6sisch und beruflich viel Englisch.<\/p>\n<p><strong>Miriam:<\/strong> Ich bin Unternehmerin und Gesch\u00e4ftsf\u00fchrerin einer <a href=\"https:\/\/start-placement.com\">Recruiting<\/a>&#8211; und <a href=\"https:\/\/start-relocation.com\">Relocation<\/a>\u00adagentur mit Schwerpunkt auf Gesundheitsberufen. Ich spreche flie\u00dfend Franz\u00f6sisch und liebe es, mit Menschen umzugehen und Menschen miteinander in Kontakt zu bringen. Ich empfange gern gesellige Runden, mag gesundes Essen und franz\u00f6sisches Savoir-vivre. Neben einem einladenden Ambiente ist es mir wichtig, dass wir einen Pool oder eine Badestelle in der N\u00e4he haben.<\/p>\n<p>&nbsp;<\/p>\n<p><!-- \/divi:paragraph --><\/p>\n<p>[\/et_pb_text][et_pb_image src=&#8220;https:\/\/labyrinthe-maison-bleue.fr\/wp-content\/uploads\/Soir_7120.jpg&#8220; alt=&#8220;lmb Logo&#8220; title_text=&#8220;Soir_7120&#8243; _builder_version=&#8220;4.22.2&#8243; _module_preset=&#8220;default&#8220; max_width=&#8220;300px&#8220; module_alignment=&#8220;center&#8220; custom_margin=&#8220;30px||30px||false|false&#8220; global_colors_info=&#8220;{}&#8220;][\/et_pb_image][et_pb_text _builder_version=&#8220;4.22.2&#8243; header_text_align=&#8220;center&#8220; header_line_height=&#8220;1.7em&#8220; header_2_text_align=&#8220;center&#8220; background_size=&#8220;initial&#8220; background_position=&#8220;top_left&#8220; background_repeat=&#8220;repeat&#8220; custom_margin=&#8220;||8px||false|false&#8220; global_colors_info=&#8220;{}&#8220;]<\/p>\n<h1>zusammen<\/h1>\n<p>Uns ist es wichtig, dass der Ort, den wir kreieren, lebendig ist. Dazu geh\u00f6rt, dass wir ausgew\u00e4hlte Freunde beherbergen und das Haus im Wechsel bewohnen.\u00a0 Eine Ferienhausvermietung soll das nicht werden, sondern eine verbindliches Arrangement, bei dem jede Partei Verantwortung \u00fcbernimmt. Unser Ideal w\u00e4re ein fester Rythmus \u00fcber das Jahr. Wir selbst m\u00f6chten wenigstens die H\u00e4lfte des Jahres anwesend sein.<\/p>\n<p><!-- \/divi:paragraph --><\/p>\n<p>[\/et_pb_text][\/et_pb_column][\/et_pb_row][\/et_pb_section]<\/p>\n","protected":false},"excerpt":{"rendered":"<p>wer wir sind Miriam und Peder leben seit 20 Jahren zusammen in Berlin und haben zwei erwachsene Kinder. Peder: Die Sache mit dem Irrgarten ist meine Idee. Ich habe freie Malerei studiert und einige Jahre freier K\u00fcnstler gearbeitet. Heute bin ich als freiberuflicher Grafiker und Kommunikationsberater gut etabliert. Dabei arbeite ich viel am Rechner und [&hellip;]<\/p>\n","protected":false},"author":1,"featured_media":0,"parent":0,"menu_order":40,"comment_status":"closed","ping_status":"closed","template":"","meta":{"_et_pb_use_builder":"on","_et_pb_old_content":"<!-- wp:divi\/placeholder \/-->","_et_gb_content_width":"","inline_featured_image":false,"footnotes":""},"class_list":["post-12","page","type-page","status-publish","hentry"],"_links":{"self":[{"href":"https:\/\/labyrinthe-maison-bleue.fr\/de\/wp-json\/wp\/v2\/pages\/12","targetHints":{"allow":["GET"]}}],"collection":[{"href":"https:\/\/labyrinthe-maison-bleue.fr\/de\/wp-json\/wp\/v2\/pages"}],"about":[{"href":"https:\/\/labyrinthe-maison-bleue.fr\/de\/wp-json\/wp\/v2\/types\/page"}],"author":[{"embeddable":true,"href":"https:\/\/labyrinthe-maison-bleue.fr\/de\/wp-json\/wp\/v2\/users\/1"}],"replies":[{"embeddable":true,"href":"https:\/\/labyrinthe-maison-bleue.fr\/de\/wp-json\/wp\/v2\/comments?post=12"}],"version-history":[{"count":16,"href":"https:\/\/labyrinthe-maison-bleue.fr\/de\/wp-json\/wp\/v2\/pages\/12\/revisions"}],"predecessor-version":[{"id":513,"href":"https:\/\/labyrinthe-maison-bleue.fr\/de\/wp-json\/wp\/v2\/pages\/12\/revisions\/513"}],"wp:attachment":[{"href":"https:\/\/labyrinthe-maison-bleue.fr\/de\/wp-json\/wp\/v2\/media?parent=12"}],"curies":[{"name":"wp","href":"https:\/\/api.w.org\/{rel}","templated":true}]}}